{"id":95739,"date":"2026-04-16T11:17:31","date_gmt":"2026-04-16T02:17:31","guid":{"rendered":"https:\/\/voyapon.com\/de\/?page_id=95739"},"modified":"2026-04-16T11:39:31","modified_gmt":"2026-04-16T02:39:31","slug":"kuerzlich-aktualisiert","status":"publish","type":"page","link":"https:\/\/voyapon.com\/de\/kuerzlich-aktualisiert\/","title":{"rendered":"K\u00fcrzlich aktualisierte Artikel"},"content":{"rendered":"","protected":false},"excerpt":{"rendered":"","protected":false},"author":219,"featured_media":0,"parent":0,"menu_order":0,"comment_status":"closed","ping_status":"closed","template":"page-recently-updated.php","meta":{"_acf_changed":false,"pgc_meta":"","_cloudinary_featured_overwrite":false,"footnotes":""},"class_list":["post-95739","page","type-page","status-publish","hentry"],"acf":[],"yoast_head":"<!-- This site is optimized with the Yoast SEO Premium plugin v26.5 (Yoast SEO v26.5) - https:\/\/yoast.com\/wordpress\/plugins\/seo\/ -->\n<title>K\u00fcrzlich aktualisierte Artikel - VOYAPON DE<\/title>\n<meta name=\"description\" content=\"Entdecke die neuesten Updates auf Voyapon, wo \u00fcber 10 Jahre Japan-Reiseerfahrung lebendig werden. Erkunde k\u00fcrzlich aktualisierte Artikel, finde versteckte Sch\u00e4tze und entdecke Reiseziele durch sorgf\u00e4ltig \u00fcberarbeitete Inhalte neu.\" \/>\n<meta name=\"robots\" content=\"index, follow, max-snippet:-1, max-image-preview:large, max-video-preview:-1\" \/>\n<link rel=\"canonical\" href=\"https:\/\/voyapon.com\/de\/kuerzlich-aktualisiert\/\" \/>\n<meta property=\"og:locale\" content=\"de_DE\" \/>\n<meta property=\"og:type\" content=\"article\" \/>\n<meta property=\"og:title\" content=\"K\u00fcrzlich aktualisierte Artikel\" \/>\n<meta property=\"og:description\" content=\"Entdecke die neuesten Updates auf Voyapon, wo \u00fcber 10 Jahre Japan-Reiseerfahrung lebendig werden. Erkunde k\u00fcrzlich aktualisierte Artikel, finde versteckte Sch\u00e4tze und entdecke Reiseziele durch sorgf\u00e4ltig \u00fcberarbeitete Inhalte neu.\" \/>\n<meta property=\"og:url\" content=\"https:\/\/voyapon.com\/de\/kuerzlich-aktualisiert\/\" \/>\n<meta property=\"og:site_name\" content=\"VOYAPON DE\" \/>\n<meta property=\"article:modified_time\" content=\"2026-04-16T02:39:31+00:00\" \/>\n<meta name=\"twitter:card\" content=\"summary_large_image\" \/>\n<script type=\"application\/ld+json\" class=\"yoast-schema-graph\">{\"@context\":\"https:\/\/schema.org\",\"@graph\":[{\"@type\":\"WebPage\",\"@id\":\"https:\/\/voyapon.com\/de\/kuerzlich-aktualisiert\/\",\"url\":\"https:\/\/voyapon.com\/de\/kuerzlich-aktualisiert\/\",\"name\":\"K\u00fcrzlich aktualisierte Artikel - VOYAPON DE\",\"isPartOf\":{\"@id\":\"https:\/\/voyapon.com\/de\/#website\"},\"datePublished\":\"2026-04-16T02:17:31+00:00\",\"dateModified\":\"2026-04-16T02:39:31+00:00\",\"description\":\"Entdecke die neuesten Updates auf Voyapon, wo \u00fcber 10 Jahre Japan-Reiseerfahrung lebendig werden. Erkunde k\u00fcrzlich aktualisierte Artikel, finde versteckte Sch\u00e4tze und entdecke Reiseziele durch sorgf\u00e4ltig \u00fcberarbeitete Inhalte neu.\",\"breadcrumb\":{\"@id\":\"https:\/\/voyapon.com\/de\/kuerzlich-aktualisiert\/#breadcrumb\"},\"inLanguage\":\"de-DE\",\"potentialAction\":[{\"@type\":\"ReadAction\",\"target\":[\"https:\/\/voyapon.com\/de\/kuerzlich-aktualisiert\/\"]}]},{\"@type\":\"BreadcrumbList\",\"@id\":\"https:\/\/voyapon.com\/de\/kuerzlich-aktualisiert\/#breadcrumb\",\"itemListElement\":[{\"@type\":\"ListItem\",\"position\":1,\"name\":\"Home\",\"item\":\"https:\/\/voyapon.com\/de\/\"},{\"@type\":\"ListItem\",\"position\":2,\"name\":\"K\u00fcrzlich aktualisierte Artikel\"}]},{\"@type\":\"WebSite\",\"@id\":\"https:\/\/voyapon.com\/de\/#website\",\"url\":\"https:\/\/voyapon.com\/de\/\",\"name\":\"VOYAPON DE\",\"description\":\"Japan Reisef\u00fchrer\",\"potentialAction\":[{\"@type\":\"SearchAction\",\"target\":{\"@type\":\"EntryPoint\",\"urlTemplate\":\"https:\/\/voyapon.com\/de\/?s={search_term_string}\"},\"query-input\":{\"@type\":\"PropertyValueSpecification\",\"valueRequired\":true,\"valueName\":\"search_term_string\"}}],\"inLanguage\":\"de-DE\"}]}<\/script>\n<!-- \/ Yoast SEO Premium plugin. -->","yoast_head_json":{"title":"K\u00fcrzlich aktualisierte Artikel - VOYAPON DE","description":"Entdecke die neuesten Updates auf Voyapon, wo \u00fcber 10 Jahre Japan-Reiseerfahrung lebendig werden. Erkunde k\u00fcrzlich aktualisierte Artikel, finde versteckte Sch\u00e4tze und entdecke Reiseziele durch sorgf\u00e4ltig \u00fcberarbeitete Inhalte neu.","robots":{"index":"index","follow":"follow","max-snippet":"max-snippet:-1","max-image-preview":"max-image-preview:large","max-video-preview":"max-video-preview:-1"},"canonical":"https:\/\/voyapon.com\/de\/kuerzlich-aktualisiert\/","og_locale":"de_DE","og_type":"article","og_title":"K\u00fcrzlich aktualisierte Artikel","og_description":"Entdecke die neuesten Updates auf Voyapon, wo \u00fcber 10 Jahre Japan-Reiseerfahrung lebendig werden. Erkunde k\u00fcrzlich aktualisierte Artikel, finde versteckte Sch\u00e4tze und entdecke Reiseziele durch sorgf\u00e4ltig \u00fcberarbeitete Inhalte neu.","og_url":"https:\/\/voyapon.com\/de\/kuerzlich-aktualisiert\/","og_site_name":"VOYAPON DE","article_modified_time":"2026-04-16T02:39:31+00:00","twitter_card":"summary_large_image","schema":{"@context":"https:\/\/schema.org","@graph":[{"@type":"WebPage","@id":"https:\/\/voyapon.com\/de\/kuerzlich-aktualisiert\/","url":"https:\/\/voyapon.com\/de\/kuerzlich-aktualisiert\/","name":"K\u00fcrzlich aktualisierte Artikel - VOYAPON DE","isPartOf":{"@id":"https:\/\/voyapon.com\/de\/#website"},"datePublished":"2026-04-16T02:17:31+00:00","dateModified":"2026-04-16T02:39:31+00:00","description":"Entdecke die neuesten Updates auf Voyapon, wo \u00fcber 10 Jahre Japan-Reiseerfahrung lebendig werden. Erkunde k\u00fcrzlich aktualisierte Artikel, finde versteckte Sch\u00e4tze und entdecke Reiseziele durch sorgf\u00e4ltig \u00fcberarbeitete Inhalte neu.","breadcrumb":{"@id":"https:\/\/voyapon.com\/de\/kuerzlich-aktualisiert\/#breadcrumb"},"inLanguage":"de-DE","potentialAction":[{"@type":"ReadAction","target":["https:\/\/voyapon.com\/de\/kuerzlich-aktualisiert\/"]}]},{"@type":"BreadcrumbList","@id":"https:\/\/voyapon.com\/de\/kuerzlich-aktualisiert\/#breadcrumb","itemListElement":[{"@type":"ListItem","position":1,"name":"Home","item":"https:\/\/voyapon.com\/de\/"},{"@type":"ListItem","position":2,"name":"K\u00fcrzlich aktualisierte Artikel"}]},{"@type":"WebSite","@id":"https:\/\/voyapon.com\/de\/#website","url":"https:\/\/voyapon.com\/de\/","name":"VOYAPON DE","description":"Japan Reisef\u00fchrer","potentialAction":[{"@type":"SearchAction","target":{"@type":"EntryPoint","urlTemplate":"https:\/\/voyapon.com\/de\/?s={search_term_string}"},"query-input":{"@type":"PropertyValueSpecification","valueRequired":true,"valueName":"search_term_string"}}],"inLanguage":"de-DE"}]}},"pgc_meta":"","_links":{"self":[{"href":"https:\/\/voyapon.com\/de\/wp-json\/wp\/v2\/pages\/95739","targetHints":{"allow":["GET"]}}],"collection":[{"href":"https:\/\/voyapon.com\/de\/wp-json\/wp\/v2\/pages"}],"about":[{"href":"https:\/\/voyapon.com\/de\/wp-json\/wp\/v2\/types\/page"}],"author":[{"embeddable":true,"href":"https:\/\/voyapon.com\/de\/wp-json\/wp\/v2\/users\/219"}],"replies":[{"embeddable":true,"href":"https:\/\/voyapon.com\/de\/wp-json\/wp\/v2\/comments?post=95739"}],"version-history":[{"count":1,"href":"https:\/\/voyapon.com\/de\/wp-json\/wp\/v2\/pages\/95739\/revisions"}],"predecessor-version":[{"id":95740,"href":"https:\/\/voyapon.com\/de\/wp-json\/wp\/v2\/pages\/95739\/revisions\/95740"}],"wp:attachment":[{"href":"https:\/\/voyapon.com\/de\/wp-json\/wp\/v2\/media?parent=95739"}],"curies":[{"name":"wp","href":"https:\/\/api.w.org\/{rel}","templated":true}]}}