{"id":67680,"date":"2020-07-06T12:35:29","date_gmt":"2020-07-06T03:35:29","guid":{"rendered":"https:\/\/voyapon.com\/dev\/?page_id=67680"},"modified":"2025-08-21T12:10:23","modified_gmt":"2025-08-21T03:10:23","slug":"sobre-nosotros","status":"publish","type":"page","link":"https:\/\/voyapon.com\/es\/sobre-nosotros\/","title":{"rendered":"Sobre nosotros"},"content":{"rendered":"","protected":false},"excerpt":{"rendered":"","protected":false},"author":133,"featured_media":0,"parent":0,"menu_order":0,"comment_status":"open","ping_status":"closed","template":"page-about-us.php","meta":{"_acf_changed":false,"_cloudinary_featured_overwrite":false,"footnotes":""},"class_list":["post-67680","page","type-page","status-publish","hentry"],"acf":[],"yoast_head":"<!-- This site is optimized with the Yoast SEO Premium plugin v26.5 (Yoast SEO v26.5) - https:\/\/yoast.com\/wordpress\/plugins\/seo\/ -->\n<title>\u00bfQui\u00e9nes somos? - Conoce los integrantes de Voyapon<\/title>\n<meta name=\"description\" content=\"Somos un equipo intercultural, cuya pasi\u00f3n en com\u00fan es conocer Jap\u00f3n desde un punto de vista distinto \u00a1Descubre qui\u00e9n est\u00e1 detr\u00e1s de Voyapon!\" \/>\n<meta name=\"robots\" content=\"index, follow, max-snippet:-1, max-image-preview:large, max-video-preview:-1\" \/>\n<link rel=\"canonical\" href=\"https:\/\/voyapon.com\/es\/sobre-nosotros\/\" \/>\n<meta property=\"og:locale\" content=\"es_ES\" \/>\n<meta property=\"og:type\" content=\"article\" \/>\n<meta property=\"og:title\" content=\"Sobre nosotros\" \/>\n<meta property=\"og:description\" content=\"Somos un equipo intercultural, cuya pasi\u00f3n en com\u00fan es conocer Jap\u00f3n desde un punto de vista distinto \u00a1Descubre qui\u00e9n est\u00e1 detr\u00e1s de Voyapon!\" \/>\n<meta property=\"og:url\" content=\"https:\/\/voyapon.com\/es\/sobre-nosotros\/\" \/>\n<meta property=\"og:site_name\" content=\"VOYAPON ES\" \/>\n<meta property=\"article:modified_time\" content=\"2025-08-21T03:10:23+00:00\" \/>\n<meta name=\"twitter:card\" content=\"summary_large_image\" \/>\n<script type=\"application\/ld+json\" class=\"yoast-schema-graph\">{\"@context\":\"https:\/\/schema.org\",\"@graph\":[{\"@type\":\"WebPage\",\"@id\":\"https:\/\/voyapon.com\/es\/sobre-nosotros\/\",\"url\":\"https:\/\/voyapon.com\/es\/sobre-nosotros\/\",\"name\":\"\u00bfQui\u00e9nes somos? - Conoce los integrantes de Voyapon\",\"isPartOf\":{\"@id\":\"https:\/\/voyapon.com\/es\/#website\"},\"datePublished\":\"2020-07-06T03:35:29+00:00\",\"dateModified\":\"2025-08-21T03:10:23+00:00\",\"description\":\"Somos un equipo intercultural, cuya pasi\u00f3n en com\u00fan es conocer Jap\u00f3n desde un punto de vista distinto \u00a1Descubre qui\u00e9n est\u00e1 detr\u00e1s de Voyapon!\",\"breadcrumb\":{\"@id\":\"https:\/\/voyapon.com\/es\/sobre-nosotros\/#breadcrumb\"},\"inLanguage\":\"es-ES\",\"potentialAction\":[{\"@type\":\"ReadAction\",\"target\":[\"https:\/\/voyapon.com\/es\/sobre-nosotros\/\"]}]},{\"@type\":\"BreadcrumbList\",\"@id\":\"https:\/\/voyapon.com\/es\/sobre-nosotros\/#breadcrumb\",\"itemListElement\":[{\"@type\":\"ListItem\",\"position\":1,\"name\":\"Home\",\"item\":\"https:\/\/voyapon.com\/es\/\"},{\"@type\":\"ListItem\",\"position\":2,\"name\":\"Sobre nosotros\"}]},{\"@type\":\"WebSite\",\"@id\":\"https:\/\/voyapon.com\/es\/#website\",\"url\":\"https:\/\/voyapon.com\/es\/\",\"name\":\"VOYAPON ES\",\"description\":\"Guias de viaje a Jap\u00f3n\",\"potentialAction\":[{\"@type\":\"SearchAction\",\"target\":{\"@type\":\"EntryPoint\",\"urlTemplate\":\"https:\/\/voyapon.com\/es\/?s={search_term_string}\"},\"query-input\":{\"@type\":\"PropertyValueSpecification\",\"valueRequired\":true,\"valueName\":\"search_term_string\"}}],\"inLanguage\":\"es-ES\"}]}<\/script>\n<!-- \/ Yoast SEO Premium plugin. -->","yoast_head_json":{"title":"\u00bfQui\u00e9nes somos? - Conoce los integrantes de Voyapon","description":"Somos un equipo intercultural, cuya pasi\u00f3n en com\u00fan es conocer Jap\u00f3n desde un punto de vista distinto \u00a1Descubre qui\u00e9n est\u00e1 detr\u00e1s de Voyapon!","robots":{"index":"index","follow":"follow","max-snippet":"max-snippet:-1","max-image-preview":"max-image-preview:large","max-video-preview":"max-video-preview:-1"},"canonical":"https:\/\/voyapon.com\/es\/sobre-nosotros\/","og_locale":"es_ES","og_type":"article","og_title":"Sobre nosotros","og_description":"Somos un equipo intercultural, cuya pasi\u00f3n en com\u00fan es conocer Jap\u00f3n desde un punto de vista distinto \u00a1Descubre qui\u00e9n est\u00e1 detr\u00e1s de Voyapon!","og_url":"https:\/\/voyapon.com\/es\/sobre-nosotros\/","og_site_name":"VOYAPON ES","article_modified_time":"2025-08-21T03:10:23+00:00","twitter_card":"summary_large_image","schema":{"@context":"https:\/\/schema.org","@graph":[{"@type":"WebPage","@id":"https:\/\/voyapon.com\/es\/sobre-nosotros\/","url":"https:\/\/voyapon.com\/es\/sobre-nosotros\/","name":"\u00bfQui\u00e9nes somos? - Conoce los integrantes de Voyapon","isPartOf":{"@id":"https:\/\/voyapon.com\/es\/#website"},"datePublished":"2020-07-06T03:35:29+00:00","dateModified":"2025-08-21T03:10:23+00:00","description":"Somos un equipo intercultural, cuya pasi\u00f3n en com\u00fan es conocer Jap\u00f3n desde un punto de vista distinto \u00a1Descubre qui\u00e9n est\u00e1 detr\u00e1s de Voyapon!","breadcrumb":{"@id":"https:\/\/voyapon.com\/es\/sobre-nosotros\/#breadcrumb"},"inLanguage":"es-ES","potentialAction":[{"@type":"ReadAction","target":["https:\/\/voyapon.com\/es\/sobre-nosotros\/"]}]},{"@type":"BreadcrumbList","@id":"https:\/\/voyapon.com\/es\/sobre-nosotros\/#breadcrumb","itemListElement":[{"@type":"ListItem","position":1,"name":"Home","item":"https:\/\/voyapon.com\/es\/"},{"@type":"ListItem","position":2,"name":"Sobre nosotros"}]},{"@type":"WebSite","@id":"https:\/\/voyapon.com\/es\/#website","url":"https:\/\/voyapon.com\/es\/","name":"VOYAPON ES","description":"Guias de viaje a Jap\u00f3n","potentialAction":[{"@type":"SearchAction","target":{"@type":"EntryPoint","urlTemplate":"https:\/\/voyapon.com\/es\/?s={search_term_string}"},"query-input":{"@type":"PropertyValueSpecification","valueRequired":true,"valueName":"search_term_string"}}],"inLanguage":"es-ES"}]}},"_links":{"self":[{"href":"https:\/\/voyapon.com\/es\/wp-json\/wp\/v2\/pages\/67680","targetHints":{"allow":["GET"]}}],"collection":[{"href":"https:\/\/voyapon.com\/es\/wp-json\/wp\/v2\/pages"}],"about":[{"href":"https:\/\/voyapon.com\/es\/wp-json\/wp\/v2\/types\/page"}],"author":[{"embeddable":true,"href":"https:\/\/voyapon.com\/es\/wp-json\/wp\/v2\/users\/133"}],"replies":[{"embeddable":true,"href":"https:\/\/voyapon.com\/es\/wp-json\/wp\/v2\/comments?post=67680"}],"version-history":[{"count":2,"href":"https:\/\/voyapon.com\/es\/wp-json\/wp\/v2\/pages\/67680\/revisions"}],"predecessor-version":[{"id":88093,"href":"https:\/\/voyapon.com\/es\/wp-json\/wp\/v2\/pages\/67680\/revisions\/88093"}],"wp:attachment":[{"href":"https:\/\/voyapon.com\/es\/wp-json\/wp\/v2\/media?parent=67680"}],"curies":[{"name":"wp","href":"https:\/\/api.w.org\/{rel}","templated":true}]}}