{"id":69328,"date":"2020-07-17T09:45:47","date_gmt":"2020-07-17T00:45:47","guid":{"rendered":"https:\/\/voyapon.com\/dev\/?page_id=68274"},"modified":"2020-08-21T22:11:33","modified_gmt":"2020-08-21T13:11:33","slug":"contactanos","status":"publish","type":"page","link":"https:\/\/voyapon.com\/es\/sobre-nosotros\/contactanos\/","title":{"rendered":"Cont\u00e1ctanos"},"content":{"rendered":"<p>[vc_row type=&#8221;in_container&#8221; full_screen_row_position=&#8221;middle&#8221; column_margin=&#8221;default&#8221; column_direction=&#8221;default&#8221; column_direction_tablet=&#8221;default&#8221; column_direction_phone=&#8221;default&#8221; scene_position=&#8221;center&#8221; top_padding=&#8221;2%&#8221; bottom_padding=&#8221;5%&#8221; text_color=&#8221;dark&#8221; text_align=&#8221;left&#8221; row_border_radius=&#8221;none&#8221; row_border_radius_applies=&#8221;bg&#8221; id=&#8221;contact-us&#8221; overlay_strength=&#8221;0.3&#8243; gradient_direction=&#8221;left_to_right&#8221; shape_divider_position=&#8221;bottom&#8221; bg_image_animation=&#8221;none&#8221; shape_type=&#8221;&#8221;][vc_column column_padding=&#8221;no-extra-padding&#8221; column_padding_tablet=&#8221;inherit&#8221; column_padding_phone=&#8221;inherit&#8221; column_padding_position=&#8221;all&#8221; background_color_opacity=&#8221;1&#8243; background_hover_color_opacity=&#8221;1&#8243; column_shadow=&#8221;none&#8221; column_border_radius=&#8221;none&#8221; column_link_target=&#8221;_self&#8221; gradient_direction=&#8221;left_to_right&#8221; overlay_strength=&#8221;0.3&#8243; width=&#8221;1\/1&#8243; tablet_width_inherit=&#8221;default&#8221; tablet_text_alignment=&#8221;default&#8221; phone_text_alignment=&#8221;default&#8221; column_border_width=&#8221;none&#8221; column_border_style=&#8221;solid&#8221; bg_image_animation=&#8221;none&#8221;][vc_row_inner column_margin=&#8221;default&#8221; column_direction=&#8221;default&#8221; column_direction_tablet=&#8221;default&#8221; column_direction_phone=&#8221;default&#8221; text_align=&#8221;left&#8221;][vc_column_inner column_padding=&#8221;no-extra-padding&#8221; column_padding_tablet=&#8221;inherit&#8221; column_padding_phone=&#8221;inherit&#8221; column_padding_position=&#8221;all&#8221; background_color_opacity=&#8221;1&#8243; background_hover_color_opacity=&#8221;1&#8243; column_shadow=&#8221;none&#8221; column_border_radius=&#8221;none&#8221; column_link_target=&#8221;_self&#8221; gradient_direction=&#8221;left_to_right&#8221; overlay_strength=&#8221;0.3&#8243; width=&#8221;1\/2&#8243; tablet_width_inherit=&#8221;default&#8221; column_border_width=&#8221;none&#8221; column_border_style=&#8221;solid&#8221; bg_image_animation=&#8221;none&#8221;][vc_column_text]<\/p>\n<h1><b>Cont\u00e1ctanos<\/b><\/h1>\n<p>[\/vc_column_text][vc_column_text max_width=&#8221;600&#8243;]<span style=\"font-weight: 400;\">Para consultas generales sobre IGLOOO Inc., Voyapon o Explore Japan Arabic, incluida la publicidad, los proyectos audiovisuales y las oportunidades de empleo, comun\u00edcate con nosotros a trav\u00e9s de este formulario.<\/span><\/p>\n<p><span style=\"font-weight: 400;\">Lamentablemente, no podemos responder a solicitudes individuales de asesoramiento e informaci\u00f3n sobre tus planes de viaje a Jap\u00f3n. Si tienes preguntas o comentarios espec\u00edficos sobre la informaci\u00f3n relacionada con alg\u00fan art\u00edculo, deja un comentario en la secci\u00f3n de comentarios del art\u00edculo espec\u00edfico. Gracias por tu cooperaci\u00f3n.<\/span>[\/vc_column_text][\/vc_column_inner][vc_column_inner column_padding=&#8221;no-extra-padding&#8221; column_padding_tablet=&#8221;inherit&#8221; column_padding_phone=&#8221;inherit&#8221; column_padding_position=&#8221;all&#8221; background_color_opacity=&#8221;1&#8243; background_hover_color_opacity=&#8221;1&#8243; column_shadow=&#8221;none&#8221; column_border_radius=&#8221;none&#8221; column_link_target=&#8221;_self&#8221; gradient_direction=&#8221;left_to_right&#8221; overlay_strength=&#8221;0.3&#8243; width=&#8221;1\/2&#8243; tablet_width_inherit=&#8221;default&#8221; column_border_width=&#8221;none&#8221; column_border_style=&#8221;solid&#8221; bg_image_animation=&#8221;none&#8221;][vc_column_text][wpforms id=&#8221;69874&#8243; title=&#8221;false&#8221; description=&#8221;false&#8221;][\/vc_column_text][\/vc_column_inner][\/vc_row_inner][vc_row_inner column_margin=&#8221;default&#8221; column_direction=&#8221;default&#8221; column_direction_tablet=&#8221;default&#8221; column_direction_phone=&#8221;default&#8221; text_align=&#8221;left&#8221;][vc_column_inner column_padding=&#8221;no-extra-padding&#8221; column_padding_tablet=&#8221;inherit&#8221; column_padding_phone=&#8221;inherit&#8221; column_padding_position=&#8221;all&#8221; background_color_opacity=&#8221;1&#8243; background_hover_color_opacity=&#8221;1&#8243; column_shadow=&#8221;none&#8221; column_border_radius=&#8221;none&#8221; column_link_target=&#8221;_self&#8221; gradient_direction=&#8221;left_to_right&#8221; overlay_strength=&#8221;0.3&#8243; width=&#8221;1\/1&#8243; tablet_width_inherit=&#8221;default&#8221; column_border_width=&#8221;none&#8221; column_border_style=&#8221;solid&#8221; bg_image_animation=&#8221;none&#8221;][\/vc_column_inner][\/vc_row_inner][\/vc_column][\/vc_row]<\/p>\n","protected":false},"excerpt":{"rendered":"<p>[vc_row type=&#8221;in_container&#8221; full_screen_row_position=&#8221;middle&#8221; column_margin=&#8221;default&#8221; column_direction=&#8221;default&#8221; column_direction_tablet=&#8221;default&#8221; column_direction_phone=&#8221;default&#8221; scene_position=&#8221;center&#8221; top_padding=&#8221;2%&#8221; bottom_padding=&#8221;5%&#8221; text_color=&#8221;dark&#8221; text_align=&#8221;left&#8221; row_border_radius=&#8221;none&#8221; row_border_radius_applies=&#8221;bg&#8221; id=&#8221;contact-us&#8221; overlay_strength=&#8221;0.3&#8243; gradient_direction=&#8221;left_to_right&#8221; shape_divider_position=&#8221;bottom&#8221; bg_image_animation=&#8221;none&#8221; shape_type=&#8221;&#8221;][vc_column column_padding=&#8221;no-extra-padding&#8221; column_padding_tablet=&#8221;inherit&#8221; column_padding_phone=&#8221;inherit&#8221; column_padding_position=&#8221;all&#8221; background_color_opacity=&#8221;1&#8243; background_hover_color_opacity=&#8221;1&#8243; column_shadow=&#8221;none&#8221; column_border_radius=&#8221;none&#8221; column_link_target=&#8221;_self&#8221; gradient_direction=&#8221;left_to_right&#8221; overlay_strength=&#8221;0.3&#8243; width=&#8221;1\/1&#8243; tablet_width_inherit=&#8221;default&#8221; tablet_text_alignment=&#8221;default&#8221; phone_text_alignment=&#8221;default&#8221; column_border_width=&#8221;none&#8221; column_border_style=&#8221;solid&#8221; bg_image_animation=&#8221;none&#8221;][vc_row_inner column_margin=&#8221;default&#8221; column_direction=&#8221;default&#8221; column_direction_tablet=&#8221;default&#8221; column_direction_phone=&#8221;default&#8221; text_align=&#8221;left&#8221;][vc_column_inner column_padding=&#8221;no-extra-padding&#8221; column_padding_tablet=&#8221;inherit&#8221; column_padding_phone=&#8221;inherit&#8221; column_padding_position=&#8221;all&#8221; background_color_opacity=&#8221;1&#8243; background_hover_color_opacity=&#8221;1&#8243; column_shadow=&#8221;none&#8221; column_border_radius=&#8221;none&#8221; column_link_target=&#8221;_self&#8221; gradient_direction=&#8221;left_to_right&#8221; overlay_strength=&#8221;0.3&#8243; width=&#8221;1\/2&#8243; [&hellip;]<\/p>\n","protected":false},"author":133,"featured_media":0,"parent":67680,"menu_order":0,"comment_status":"open","ping_status":"closed","template":"","meta":{"_acf_changed":false,"_cloudinary_featured_overwrite":false,"footnotes":""},"class_list":["post-69328","page","type-page","status-publish","hentry"],"acf":[],"yoast_head":"<!-- This site is optimized with the Yoast SEO Premium plugin v26.5 (Yoast SEO v26.5) - https:\/\/yoast.com\/wordpress\/plugins\/seo\/ -->\n<title>VOYAPON \u2013\u00a0\u00a1Contacta con nosotros!<\/title>\n<meta name=\"description\" content=\"\u00bfTienes alguna duda, sugerencia o simplemente quieres contactar con nosotros? M\u00e1ndanos un mensaje, estamos encantados de escucharte.\" \/>\n<meta name=\"robots\" content=\"index, follow, max-snippet:-1, max-image-preview:large, max-video-preview:-1\" \/>\n<link rel=\"canonical\" href=\"https:\/\/voyapon.com\/es\/sobre-nosotros\/contactanos\/\" \/>\n<meta property=\"og:locale\" content=\"es_ES\" \/>\n<meta property=\"og:type\" content=\"article\" \/>\n<meta property=\"og:title\" content=\"Cont\u00e1ctanos\" \/>\n<meta property=\"og:description\" content=\"\u00bfTienes alguna duda, sugerencia o simplemente quieres contactar con nosotros? M\u00e1ndanos un mensaje, estamos encantados de escucharte.\" \/>\n<meta property=\"og:url\" content=\"https:\/\/voyapon.com\/es\/sobre-nosotros\/contactanos\/\" \/>\n<meta property=\"og:site_name\" content=\"VOYAPON ES\" \/>\n<meta property=\"article:modified_time\" content=\"2020-08-21T13:11:33+00:00\" \/>\n<meta name=\"twitter:card\" content=\"summary_large_image\" \/>\n<meta name=\"twitter:label1\" content=\"Est. reading time\" \/>\n\t<meta name=\"twitter:data1\" content=\"2 minutes\" \/>\n<script type=\"application\/ld+json\" class=\"yoast-schema-graph\">{\"@context\":\"https:\/\/schema.org\",\"@graph\":[{\"@type\":\"WebPage\",\"@id\":\"https:\/\/voyapon.com\/es\/sobre-nosotros\/contactanos\/\",\"url\":\"https:\/\/voyapon.com\/es\/sobre-nosotros\/contactanos\/\",\"name\":\"VOYAPON \u2013\u00a0\u00a1Contacta con nosotros!\",\"isPartOf\":{\"@id\":\"https:\/\/voyapon.com\/es\/#website\"},\"datePublished\":\"2020-07-17T00:45:47+00:00\",\"dateModified\":\"2020-08-21T13:11:33+00:00\",\"description\":\"\u00bfTienes alguna duda, sugerencia o simplemente quieres contactar con nosotros? M\u00e1ndanos un mensaje, estamos encantados de escucharte.\",\"breadcrumb\":{\"@id\":\"https:\/\/voyapon.com\/es\/sobre-nosotros\/contactanos\/#breadcrumb\"},\"inLanguage\":\"es-ES\",\"potentialAction\":[{\"@type\":\"ReadAction\",\"target\":[\"https:\/\/voyapon.com\/es\/sobre-nosotros\/contactanos\/\"]}]},{\"@type\":\"BreadcrumbList\",\"@id\":\"https:\/\/voyapon.com\/es\/sobre-nosotros\/contactanos\/#breadcrumb\",\"itemListElement\":[{\"@type\":\"ListItem\",\"position\":1,\"name\":\"Home\",\"item\":\"https:\/\/voyapon.com\/es\/\"},{\"@type\":\"ListItem\",\"position\":2,\"name\":\"Sobre nosotros\",\"item\":\"https:\/\/voyapon.com\/es\/sobre-nosotros\/\"},{\"@type\":\"ListItem\",\"position\":3,\"name\":\"Cont\u00e1ctanos\"}]},{\"@type\":\"WebSite\",\"@id\":\"https:\/\/voyapon.com\/es\/#website\",\"url\":\"https:\/\/voyapon.com\/es\/\",\"name\":\"VOYAPON ES\",\"description\":\"Guias de viaje a Jap\u00f3n\",\"potentialAction\":[{\"@type\":\"SearchAction\",\"target\":{\"@type\":\"EntryPoint\",\"urlTemplate\":\"https:\/\/voyapon.com\/es\/?s={search_term_string}\"},\"query-input\":{\"@type\":\"PropertyValueSpecification\",\"valueRequired\":true,\"valueName\":\"search_term_string\"}}],\"inLanguage\":\"es-ES\"}]}<\/script>\n<!-- \/ Yoast SEO Premium plugin. -->","yoast_head_json":{"title":"VOYAPON \u2013\u00a0\u00a1Contacta con nosotros!","description":"\u00bfTienes alguna duda, sugerencia o simplemente quieres contactar con nosotros? M\u00e1ndanos un mensaje, estamos encantados de escucharte.","robots":{"index":"index","follow":"follow","max-snippet":"max-snippet:-1","max-image-preview":"max-image-preview:large","max-video-preview":"max-video-preview:-1"},"canonical":"https:\/\/voyapon.com\/es\/sobre-nosotros\/contactanos\/","og_locale":"es_ES","og_type":"article","og_title":"Cont\u00e1ctanos","og_description":"\u00bfTienes alguna duda, sugerencia o simplemente quieres contactar con nosotros? M\u00e1ndanos un mensaje, estamos encantados de escucharte.","og_url":"https:\/\/voyapon.com\/es\/sobre-nosotros\/contactanos\/","og_site_name":"VOYAPON ES","article_modified_time":"2020-08-21T13:11:33+00:00","twitter_card":"summary_large_image","twitter_misc":{"Est. reading time":"2 minutes"},"schema":{"@context":"https:\/\/schema.org","@graph":[{"@type":"WebPage","@id":"https:\/\/voyapon.com\/es\/sobre-nosotros\/contactanos\/","url":"https:\/\/voyapon.com\/es\/sobre-nosotros\/contactanos\/","name":"VOYAPON \u2013\u00a0\u00a1Contacta con nosotros!","isPartOf":{"@id":"https:\/\/voyapon.com\/es\/#website"},"datePublished":"2020-07-17T00:45:47+00:00","dateModified":"2020-08-21T13:11:33+00:00","description":"\u00bfTienes alguna duda, sugerencia o simplemente quieres contactar con nosotros? M\u00e1ndanos un mensaje, estamos encantados de escucharte.","breadcrumb":{"@id":"https:\/\/voyapon.com\/es\/sobre-nosotros\/contactanos\/#breadcrumb"},"inLanguage":"es-ES","potentialAction":[{"@type":"ReadAction","target":["https:\/\/voyapon.com\/es\/sobre-nosotros\/contactanos\/"]}]},{"@type":"BreadcrumbList","@id":"https:\/\/voyapon.com\/es\/sobre-nosotros\/contactanos\/#breadcrumb","itemListElement":[{"@type":"ListItem","position":1,"name":"Home","item":"https:\/\/voyapon.com\/es\/"},{"@type":"ListItem","position":2,"name":"Sobre nosotros","item":"https:\/\/voyapon.com\/es\/sobre-nosotros\/"},{"@type":"ListItem","position":3,"name":"Cont\u00e1ctanos"}]},{"@type":"WebSite","@id":"https:\/\/voyapon.com\/es\/#website","url":"https:\/\/voyapon.com\/es\/","name":"VOYAPON ES","description":"Guias de viaje a Jap\u00f3n","potentialAction":[{"@type":"SearchAction","target":{"@type":"EntryPoint","urlTemplate":"https:\/\/voyapon.com\/es\/?s={search_term_string}"},"query-input":{"@type":"PropertyValueSpecification","valueRequired":true,"valueName":"search_term_string"}}],"inLanguage":"es-ES"}]}},"_links":{"self":[{"href":"https:\/\/voyapon.com\/es\/wp-json\/wp\/v2\/pages\/69328","targetHints":{"allow":["GET"]}}],"collection":[{"href":"https:\/\/voyapon.com\/es\/wp-json\/wp\/v2\/pages"}],"about":[{"href":"https:\/\/voyapon.com\/es\/wp-json\/wp\/v2\/types\/page"}],"author":[{"embeddable":true,"href":"https:\/\/voyapon.com\/es\/wp-json\/wp\/v2\/users\/133"}],"replies":[{"embeddable":true,"href":"https:\/\/voyapon.com\/es\/wp-json\/wp\/v2\/comments?post=69328"}],"version-history":[{"count":0,"href":"https:\/\/voyapon.com\/es\/wp-json\/wp\/v2\/pages\/69328\/revisions"}],"up":[{"embeddable":true,"href":"https:\/\/voyapon.com\/es\/wp-json\/wp\/v2\/pages\/67680"}],"wp:attachment":[{"href":"https:\/\/voyapon.com\/es\/wp-json\/wp\/v2\/media?parent=69328"}],"curies":[{"name":"wp","href":"https:\/\/api.w.org\/{rel}","templated":true}]}}