{"id":88079,"date":"2025-08-17T23:06:22","date_gmt":"2025-08-17T14:06:22","guid":{"rendered":"https:\/\/xb359002.xbiz.jp\/es\/?page_id=88079"},"modified":"2025-08-28T15:18:42","modified_gmt":"2025-08-28T06:18:42","slug":"voyapon-guia-sobre-japon-y-la-cultura-japonesa","status":"publish","type":"page","link":"https:\/\/voyapon.com\/es\/","title":{"rendered":"VOYAPON \u2013 Gu\u00eda sobre Jap\u00f3n y la cultura japonesa"},"content":{"rendered":"","protected":false},"excerpt":{"rendered":"","protected":false},"author":219,"featured_media":0,"parent":0,"menu_order":0,"comment_status":"closed","ping_status":"closed","template":"index.php","meta":{"_acf_changed":false,"_cloudinary_featured_overwrite":false,"footnotes":""},"class_list":["post-88079","page","type-page","status-publish","hentry"],"acf":[],"yoast_head":"<!-- This site is optimized with the Yoast SEO Premium plugin v26.5 (Yoast SEO v26.5) - https:\/\/yoast.com\/wordpress\/plugins\/seo\/ -->\n<title>VOYAPON \u2013 Gu\u00eda sobre Jap\u00f3n y la cultura japonesa - VOYAPON ES<\/title>\n<meta name=\"description\" content=\"Tu gu\u00eda sobre Jap\u00f3n escrita en espa\u00f1ol. Viaja a lugares poco comunes. Descubre cosas tradicionales desde nuevas perspectivas. \u00a1Buen viaje!\" \/>\n<meta name=\"robots\" content=\"index, follow, max-snippet:-1, max-image-preview:large, max-video-preview:-1\" \/>\n<link rel=\"canonical\" href=\"https:\/\/voyapon.com\/es\/\" \/>\n<meta property=\"og:locale\" content=\"es_ES\" \/>\n<meta property=\"og:type\" content=\"article\" \/>\n<meta property=\"og:title\" content=\"VOYAPON \u2013 Gu\u00eda sobre Jap\u00f3n y la cultura japonesa\" \/>\n<meta property=\"og:description\" content=\"Tu gu\u00eda sobre Jap\u00f3n escrita en espa\u00f1ol. Viaja a lugares poco comunes. Descubre cosas tradicionales desde nuevas perspectivas. \u00a1Buen viaje!\" \/>\n<meta property=\"og:url\" content=\"https:\/\/voyapon.com\/es\/\" \/>\n<meta property=\"og:site_name\" content=\"VOYAPON ES\" \/>\n<meta property=\"article:modified_time\" content=\"2025-08-28T06:18:42+00:00\" \/>\n<meta name=\"twitter:card\" content=\"summary_large_image\" \/>\n<script type=\"application\/ld+json\" class=\"yoast-schema-graph\">{\"@context\":\"https:\/\/schema.org\",\"@graph\":[{\"@type\":\"WebPage\",\"@id\":\"https:\/\/voyapon.com\/es\/\",\"url\":\"https:\/\/voyapon.com\/es\/\",\"name\":\"VOYAPON \u2013 Gu\u00eda sobre Jap\u00f3n y la cultura japonesa - VOYAPON ES\",\"isPartOf\":{\"@id\":\"https:\/\/voyapon.com\/es\/#website\"},\"datePublished\":\"2025-08-17T14:06:22+00:00\",\"dateModified\":\"2025-08-28T06:18:42+00:00\",\"description\":\"Tu gu\u00eda sobre Jap\u00f3n escrita en espa\u00f1ol. Viaja a lugares poco comunes. Descubre cosas tradicionales desde nuevas perspectivas. \u00a1Buen viaje!\",\"breadcrumb\":{\"@id\":\"https:\/\/voyapon.com\/es\/#breadcrumb\"},\"inLanguage\":\"es-ES\",\"potentialAction\":[{\"@type\":\"ReadAction\",\"target\":[\"https:\/\/voyapon.com\/es\/\"]}]},{\"@type\":\"BreadcrumbList\",\"@id\":\"https:\/\/voyapon.com\/es\/#breadcrumb\",\"itemListElement\":[{\"@type\":\"ListItem\",\"position\":1,\"name\":\"Home\",\"item\":\"https:\/\/voyapon.com\/es\/\"},{\"@type\":\"ListItem\",\"position\":2,\"name\":\"VOYAPON \u2013 Gu\u00eda sobre Jap\u00f3n y la cultura japonesa\"}]},{\"@type\":\"WebSite\",\"@id\":\"https:\/\/voyapon.com\/es\/#website\",\"url\":\"https:\/\/voyapon.com\/es\/\",\"name\":\"VOYAPON ES\",\"description\":\"Guias de viaje a Jap\u00f3n\",\"potentialAction\":[{\"@type\":\"SearchAction\",\"target\":{\"@type\":\"EntryPoint\",\"urlTemplate\":\"https:\/\/voyapon.com\/es\/?s={search_term_string}\"},\"query-input\":{\"@type\":\"PropertyValueSpecification\",\"valueRequired\":true,\"valueName\":\"search_term_string\"}}],\"inLanguage\":\"es-ES\"}]}<\/script>\n<!-- \/ Yoast SEO Premium plugin. -->","yoast_head_json":{"title":"VOYAPON \u2013 Gu\u00eda sobre Jap\u00f3n y la cultura japonesa - VOYAPON ES","description":"Tu gu\u00eda sobre Jap\u00f3n escrita en espa\u00f1ol. Viaja a lugares poco comunes. Descubre cosas tradicionales desde nuevas perspectivas. \u00a1Buen viaje!","robots":{"index":"index","follow":"follow","max-snippet":"max-snippet:-1","max-image-preview":"max-image-preview:large","max-video-preview":"max-video-preview:-1"},"canonical":"https:\/\/voyapon.com\/es\/","og_locale":"es_ES","og_type":"article","og_title":"VOYAPON \u2013 Gu\u00eda sobre Jap\u00f3n y la cultura japonesa","og_description":"Tu gu\u00eda sobre Jap\u00f3n escrita en espa\u00f1ol. Viaja a lugares poco comunes. Descubre cosas tradicionales desde nuevas perspectivas. \u00a1Buen viaje!","og_url":"https:\/\/voyapon.com\/es\/","og_site_name":"VOYAPON ES","article_modified_time":"2025-08-28T06:18:42+00:00","twitter_card":"summary_large_image","schema":{"@context":"https:\/\/schema.org","@graph":[{"@type":"WebPage","@id":"https:\/\/voyapon.com\/es\/","url":"https:\/\/voyapon.com\/es\/","name":"VOYAPON \u2013 Gu\u00eda sobre Jap\u00f3n y la cultura japonesa - VOYAPON ES","isPartOf":{"@id":"https:\/\/voyapon.com\/es\/#website"},"datePublished":"2025-08-17T14:06:22+00:00","dateModified":"2025-08-28T06:18:42+00:00","description":"Tu gu\u00eda sobre Jap\u00f3n escrita en espa\u00f1ol. Viaja a lugares poco comunes. Descubre cosas tradicionales desde nuevas perspectivas. \u00a1Buen viaje!","breadcrumb":{"@id":"https:\/\/voyapon.com\/es\/#breadcrumb"},"inLanguage":"es-ES","potentialAction":[{"@type":"ReadAction","target":["https:\/\/voyapon.com\/es\/"]}]},{"@type":"BreadcrumbList","@id":"https:\/\/voyapon.com\/es\/#breadcrumb","itemListElement":[{"@type":"ListItem","position":1,"name":"Home","item":"https:\/\/voyapon.com\/es\/"},{"@type":"ListItem","position":2,"name":"VOYAPON \u2013 Gu\u00eda sobre Jap\u00f3n y la cultura japonesa"}]},{"@type":"WebSite","@id":"https:\/\/voyapon.com\/es\/#website","url":"https:\/\/voyapon.com\/es\/","name":"VOYAPON ES","description":"Guias de viaje a Jap\u00f3n","potentialAction":[{"@type":"SearchAction","target":{"@type":"EntryPoint","urlTemplate":"https:\/\/voyapon.com\/es\/?s={search_term_string}"},"query-input":{"@type":"PropertyValueSpecification","valueRequired":true,"valueName":"search_term_string"}}],"inLanguage":"es-ES"}]}},"_links":{"self":[{"href":"https:\/\/voyapon.com\/es\/wp-json\/wp\/v2\/pages\/88079","targetHints":{"allow":["GET"]}}],"collection":[{"href":"https:\/\/voyapon.com\/es\/wp-json\/wp\/v2\/pages"}],"about":[{"href":"https:\/\/voyapon.com\/es\/wp-json\/wp\/v2\/types\/page"}],"author":[{"embeddable":true,"href":"https:\/\/voyapon.com\/es\/wp-json\/wp\/v2\/users\/219"}],"replies":[{"embeddable":true,"href":"https:\/\/voyapon.com\/es\/wp-json\/wp\/v2\/comments?post=88079"}],"version-history":[{"count":1,"href":"https:\/\/voyapon.com\/es\/wp-json\/wp\/v2\/pages\/88079\/revisions"}],"predecessor-version":[{"id":88080,"href":"https:\/\/voyapon.com\/es\/wp-json\/wp\/v2\/pages\/88079\/revisions\/88080"}],"wp:attachment":[{"href":"https:\/\/voyapon.com\/es\/wp-json\/wp\/v2\/media?parent=88079"}],"curies":[{"name":"wp","href":"https:\/\/api.w.org\/{rel}","templated":true}]}}