{"id":103092,"date":"2025-12-12T17:49:01","date_gmt":"2025-12-12T08:49:01","guid":{"rendered":"https:\/\/voyapon.com\/fr\/vso-email-verification\/"},"modified":"2025-12-12T17:49:01","modified_gmt":"2025-12-12T08:49:01","slug":"vso-email-verification","status":"publish","type":"page","link":"https:\/\/voyapon.com\/fr\/vso-email-verification\/","title":{"rendered":"Check Your Email!"},"content":{"rendered":"\n<div class=\"vso-email-verification-pending\">\n\t<style>\n\t\t.vso-email-verification-pending {\n\t\t\tmax-width: 700px;\n\t\t\tmargin: 80px auto;\n\t\t\tpadding: 0;\n\t\t\ttext-align: center;\n\t\t}\n\t\t.vso-email-verification-pending .logo-header {\n\t\t\tbackground: #01B3B7;\n\t\t\tpadding: 40px;\n\t\t\tmargin-bottom: 40px;\n\t\t}\n\t\t.vso-email-verification-pending .logo-header img {\n\t\t\tmax-width: 150px;\n\t\t\theight: auto;\n\t\t}\n\t\t.vso-email-verification-pending .content-wrapper {\n\t\t\tpadding: 0 40px 40px 40px;\n\t\t}\n\t\t.vso-email-verification-pending h1 {\n\t\t\tfont-size: 32px;\n\t\t\tcolor: #333;\n\t\t\tmargin-bottom: 20px;\n\t\t\tfont-weight: 600;\n\t\t}\n\t\t.vso-email-verification-pending .email-icon {\n\t\t\tfont-size: 80px;\n\t\t\tmargin: 30px 0;\n\t\t}\n\t\t.vso-email-verification-pending .main-message {\n\t\t\tfont-size: 18px;\n\t\t\tcolor: #666;\n\t\t\tmargin-bottom: 30px;\n\t\t\tline-height: 1.6;\n\t\t}\n\t\t.vso-email-verification-pending .email-display {\n\t\t\tfont-size: 16px;\n\t\t\tcolor: #01B3B7;\n\t\t\tfont-weight: 600;\n\t\t\tmargin: 20px 0;\n\t\t}\n\t\t.vso-email-verification-pending .info-box {\n\t\t\tbackground: #f9f9f9;\n\t\t\tborder-left: 4px solid #01B3B7;\n\t\t\tpadding: 20px;\n\t\t\tmargin: 30px 0;\n\t\t\ttext-align: left;\n\t\t}\n\t\t.vso-email-verification-pending .info-box h3 {\n\t\t\tfont-size: 18px;\n\t\t\tcolor: #333;\n\t\t\tmargin-bottom: 12px;\n\t\t}\n\t\t.vso-email-verification-pending .info-box ul {\n\t\t\tlist-style: none;\n\t\t\tpadding: 0;\n\t\t\tmargin: 0;\n\t\t}\n\t\t.vso-email-verification-pending .info-box li {\n\t\t\tfont-size: 15px;\n\t\t\tcolor: #666;\n\t\t\tmargin: 10px 0;\n\t\t\tpadding-left: 25px;\n\t\t\tposition: relative;\n\t\t}\n\t\t.vso-email-verification-pending .info-box li:before {\n\t\t\tcontent: \"\u2713\";\n\t\t\tposition: absolute;\n\t\t\tleft: 0;\n\t\t\tcolor: #01B3B7;\n\t\t\tfont-weight: bold;\n\t\t}\n\t\t.vso-email-verification-pending .resend-button {\n\t\t\tdisplay: inline-block;\n\t\t\tmargin-top: 30px;\n\t\t\tpadding: 14px 35px;\n\t\t\tbackground: #01B3B7;\n\t\t\tcolor: white;\n\t\t\ttext-decoration: none;\n\t\t\tborder-radius: 8px;\n\t\t\tfont-size: 16px;\n\t\t\tfont-weight: 600;\n\t\t\ttransition: all 0.3s ease;\n\t\t\tcursor: pointer;\n\t\t\tborder: none;\n\t\t}\n\t\t.vso-email-verification-pending .resend-button:hover {\n\t\t\tbackground: #019599;\n\t\t\ttransform: translateY(-2px);\n\t\t\tbox-shadow: 0 10px 30px rgba(1, 179, 183, 0.3);\n\t\t\tcolor: white;\n\t\t}\n\t\t.vso-email-verification-pending .resend-button:disabled {\n\t\t\tbackground: #ccc;\n\t\t\tcursor: not-allowed;\n\t\t\ttransform: none;\n\t\t}\n\t\t.vso-email-verification-pending .spam-notice {\n\t\t\tmargin-top: 40px;\n\t\t\tpadding-top: 30px;\n\t\t\tborder-top: 1px solid #e0e0e0;\n\t\t\tfont-size: 14px;\n\t\t\tcolor: #999;\n\t\t}\n\t\t.vso-email-verification-pending .success-message {\n\t\t\tbackground: #d4edda;\n\t\t\tborder: 1px solid #c3e6cb;\n\t\t\tcolor: #155724;\n\t\t\tpadding: 15px;\n\t\t\tborder-radius: 8px;\n\t\t\tmargin: 20px 0;\n\t\t\tdisplay: none;\n\t\t}\n\n\t\t@media (max-width: 768px) {\n\t\t\t.vso-email-verification-pending {\n\t\t\t\tpadding: 20px;\n\t\t\t\tmargin: 40px auto;\n\t\t\t}\n\t\t\t.vso-email-verification-pending h1 {\n\t\t\t\tfont-size: 24px;\n\t\t\t}\n\t\t\t.vso-email-verification-pending .content-wrapper {\n\t\t\t\tpadding: 0 20px 40px 20px;\n\t\t\t}\n\t\t}\n\t<\/style>\n\n\t<div class=\"logo-header\">\n\t\t<img decoding=\"async\" src=\"https:\/\/voyapon.com\/fr\/wp-content\/themes\/voyapon-theme\/assets\/images\/vplus.png\" alt=\"Voyapon+\" \/>\n\t<\/div>\n\n\t<div class=\"content-wrapper\">\n\t\t<div class=\"email-icon\">\ud83d\udce7<\/div>\n\n\t\t<h1>V\u00e9rifiez votre e-mail !<\/h1>\n\n\t\t<p class=\"main-message\">\n\t\t\tNous vous avons envoy\u00e9 un e-mail de confirmation. Veuillez cliquer sur le bouton \u00ab Confirmer mon e-mail \u00bb dans l'e-mail pour activer votre compte Voyapon+.\t\t<\/p>\n\n\t\t\n\t\t<div class=\"success-message\" id=\"resend-success\">\n\t\t\tE-mail de v\u00e9rification renvoy\u00e9 avec succ\u00e8s ! Veuillez v\u00e9rifier votre bo\u00eete de r\u00e9ception.\t\t<\/div>\n\n\t\t<div class=\"info-box\">\n\t\t\t<h3>Que faire ensuite :<\/h3>\n\t\t\t<ul>\n\t\t\t\t<li>V\u00e9rifiez votre bo\u00eete de r\u00e9ception pour un message de Voyapon<\/li>\n\t\t\t\t<li>Cliquez sur le lien de confirmation dans l'e-mail<\/li>\n\t\t\t\t<li>Vous serez automatiquement connect\u00e9 et redirig\u00e9 vers votre page d'accueil<\/li>\n\t\t\t<\/ul>\n\t\t<\/div>\n\n\t\t<button class=\"resend-button\" id=\"resend-btn\" onclick=\"vsoResendVerification()\">\n\t\t\tRenvoyer l'e-mail de v\u00e9rification\t\t<\/button>\n\n\t\t<p class=\"spam-notice\">\n\t\t\tVous n'avez pas re\u00e7u l'e-mail ? V\u00e9rifiez votre dossier spam ou courrier ind\u00e9sirable.\t\t<\/p>\n\t<\/div>\n<\/div>\n\n<script>\nlet resendCooldown = false;\n\nfunction vsoResendVerification() {\n\tif (resendCooldown) {\n\t\treturn;\n\t}\n\n\tconst button = document.getElementById('resend-btn');\n\tconst successMessage = document.getElementById('resend-success');\n\n\tbutton.disabled = true;\n\tbutton.textContent = 'Envoi en cours...';\n\tresendCooldown = true;\n\n\t\/\/ TODO: Implement AJAX call to resend verification email\n\t\/\/ For now, simulate success after 2 seconds\n\tsetTimeout(function() {\n\t\tsuccessMessage.style.display = 'block';\n\t\tbutton.textContent = 'E-mail envoy\u00e9 !';\n\n\t\t\/\/ Re-enable button after 60 seconds\n\t\tsetTimeout(function() {\n\t\t\tbutton.disabled = false;\n\t\t\tbutton.textContent = 'Renvoyer l'e-mail de v\u00e9rification';\n\t\t\tresendCooldown = false;\n\t\t\tsuccessMessage.style.display = 'none';\n\t\t}, 60000); \/\/ 60 second cooldown\n\t}, 2000);\n}\n<\/script>\n\n","protected":false},"excerpt":{"rendered":"\ud83d\udce7 V\u00e9rifiez votre e-mail ! Nous vous avons envoy\u00e9 un e-mail de confirmation. Veuillez cliquer sur le bouton \u00ab Confirmer [...]","protected":false},"author":1,"featured_media":0,"parent":0,"menu_order":0,"comment_status":"closed","ping_status":"closed","template":"","meta":{"_acf_changed":false,"_cloudinary_featured_overwrite":false,"footnotes":""},"class_list":["post-103092","page","type-page","status-publish","hentry"],"acf":[],"yoast_head":"<!-- This site is optimized with the Yoast SEO Premium plugin v26.5 (Yoast SEO v26.5) - https:\/\/yoast.com\/wordpress\/plugins\/seo\/ -->\n<title>Check Your Email! - VOYAPON FR<\/title>\n<meta name=\"robots\" content=\"index, follow, max-snippet:-1, max-image-preview:large, max-video-preview:-1\" \/>\n<link rel=\"canonical\" href=\"https:\/\/voyapon.com\/fr\/vso-email-verification\/\" \/>\n<meta property=\"og:locale\" content=\"fr_FR\" \/>\n<meta property=\"og:type\" content=\"article\" \/>\n<meta property=\"og:title\" content=\"Check Your Email!\" \/>\n<meta property=\"og:url\" content=\"https:\/\/voyapon.com\/fr\/vso-email-verification\/\" \/>\n<meta property=\"og:site_name\" content=\"VOYAPON FR\" \/>\n<meta name=\"twitter:card\" content=\"summary_large_image\" \/>\n<script type=\"application\/ld+json\" class=\"yoast-schema-graph\">{\"@context\":\"https:\/\/schema.org\",\"@graph\":[{\"@type\":\"WebPage\",\"@id\":\"https:\/\/voyapon.com\/fr\/vso-email-verification\/\",\"url\":\"https:\/\/voyapon.com\/fr\/vso-email-verification\/\",\"name\":\"Check Your Email! - VOYAPON FR\",\"isPartOf\":{\"@id\":\"https:\/\/voyapon.com\/fr\/#website\"},\"datePublished\":\"2025-12-12T08:49:01+00:00\",\"breadcrumb\":{\"@id\":\"https:\/\/voyapon.com\/fr\/vso-email-verification\/#breadcrumb\"},\"inLanguage\":\"fr-FR\",\"potentialAction\":[{\"@type\":\"ReadAction\",\"target\":[\"https:\/\/voyapon.com\/fr\/vso-email-verification\/\"]}]},{\"@type\":\"BreadcrumbList\",\"@id\":\"https:\/\/voyapon.com\/fr\/vso-email-verification\/#breadcrumb\",\"itemListElement\":[{\"@type\":\"ListItem\",\"position\":1,\"name\":\"Home\",\"item\":\"https:\/\/voyapon.com\/fr\/\"},{\"@type\":\"ListItem\",\"position\":2,\"name\":\"Check Your Email!\"}]},{\"@type\":\"WebSite\",\"@id\":\"https:\/\/voyapon.com\/fr\/#website\",\"url\":\"https:\/\/voyapon.com\/fr\/\",\"name\":\"VOYAPON FR\",\"description\":\"Guide de voyage au Japon\",\"potentialAction\":[{\"@type\":\"SearchAction\",\"target\":{\"@type\":\"EntryPoint\",\"urlTemplate\":\"https:\/\/voyapon.com\/fr\/?s={search_term_string}\"},\"query-input\":{\"@type\":\"PropertyValueSpecification\",\"valueRequired\":true,\"valueName\":\"search_term_string\"}}],\"inLanguage\":\"fr-FR\"}]}<\/script>\n<!-- \/ Yoast SEO Premium plugin. -->","yoast_head_json":{"title":"Check Your Email! - VOYAPON FR","robots":{"index":"index","follow":"follow","max-snippet":"max-snippet:-1","max-image-preview":"max-image-preview:large","max-video-preview":"max-video-preview:-1"},"canonical":"https:\/\/voyapon.com\/fr\/vso-email-verification\/","og_locale":"fr_FR","og_type":"article","og_title":"Check Your Email!","og_url":"https:\/\/voyapon.com\/fr\/vso-email-verification\/","og_site_name":"VOYAPON FR","twitter_card":"summary_large_image","schema":{"@context":"https:\/\/schema.org","@graph":[{"@type":"WebPage","@id":"https:\/\/voyapon.com\/fr\/vso-email-verification\/","url":"https:\/\/voyapon.com\/fr\/vso-email-verification\/","name":"Check Your Email! - VOYAPON FR","isPartOf":{"@id":"https:\/\/voyapon.com\/fr\/#website"},"datePublished":"2025-12-12T08:49:01+00:00","breadcrumb":{"@id":"https:\/\/voyapon.com\/fr\/vso-email-verification\/#breadcrumb"},"inLanguage":"fr-FR","potentialAction":[{"@type":"ReadAction","target":["https:\/\/voyapon.com\/fr\/vso-email-verification\/"]}]},{"@type":"BreadcrumbList","@id":"https:\/\/voyapon.com\/fr\/vso-email-verification\/#breadcrumb","itemListElement":[{"@type":"ListItem","position":1,"name":"Home","item":"https:\/\/voyapon.com\/fr\/"},{"@type":"ListItem","position":2,"name":"Check Your Email!"}]},{"@type":"WebSite","@id":"https:\/\/voyapon.com\/fr\/#website","url":"https:\/\/voyapon.com\/fr\/","name":"VOYAPON FR","description":"Guide de voyage au Japon","potentialAction":[{"@type":"SearchAction","target":{"@type":"EntryPoint","urlTemplate":"https:\/\/voyapon.com\/fr\/?s={search_term_string}"},"query-input":{"@type":"PropertyValueSpecification","valueRequired":true,"valueName":"search_term_string"}}],"inLanguage":"fr-FR"}]}},"_links":{"self":[{"href":"https:\/\/voyapon.com\/fr\/wp-json\/wp\/v2\/pages\/103092","targetHints":{"allow":["GET"]}}],"collection":[{"href":"https:\/\/voyapon.com\/fr\/wp-json\/wp\/v2\/pages"}],"about":[{"href":"https:\/\/voyapon.com\/fr\/wp-json\/wp\/v2\/types\/page"}],"author":[{"embeddable":true,"href":"https:\/\/voyapon.com\/fr\/wp-json\/wp\/v2\/users\/1"}],"replies":[{"embeddable":true,"href":"https:\/\/voyapon.com\/fr\/wp-json\/wp\/v2\/comments?post=103092"}],"version-history":[{"count":0,"href":"https:\/\/voyapon.com\/fr\/wp-json\/wp\/v2\/pages\/103092\/revisions"}],"wp:attachment":[{"href":"https:\/\/voyapon.com\/fr\/wp-json\/wp\/v2\/media?parent=103092"}],"curies":[{"name":"wp","href":"https:\/\/api.w.org\/{rel}","templated":true}]}}