{"id":103378,"date":"2026-02-17T18:46:28","date_gmt":"2026-02-17T09:46:28","guid":{"rendered":"https:\/\/voyapon.com\/fr\/?page_id=103378"},"modified":"2026-02-17T18:51:04","modified_gmt":"2026-02-17T09:51:04","slug":"bienvenue-dans-la-prefecture-dishikawa","status":"publish","type":"page","link":"https:\/\/voyapon.com\/fr\/bienvenue-dans-la-prefecture-dishikawa\/","title":{"rendered":"Bienvenue dans la prefecture d&#8217;Ishikawa"},"content":{"rendered":"","protected":false},"excerpt":{"rendered":"","protected":false},"author":219,"featured_media":103386,"parent":0,"menu_order":0,"comment_status":"closed","ping_status":"closed","template":"page-ishikawa-v2FR.php","meta":{"_acf_changed":false,"_cloudinary_featured_overwrite":false,"footnotes":""},"class_list":["post-103378","page","type-page","status-publish","has-post-thumbnail","hentry"],"acf":[],"yoast_head":"<!-- This site is optimized with the Yoast SEO Premium plugin v26.5 (Yoast SEO v26.5) - https:\/\/yoast.com\/wordpress\/plugins\/seo\/ -->\n<title>Bienvenue dans la prefecture d&#039;Ishikawa - VOYAPON FR<\/title>\n<meta name=\"description\" content=\"Nich\u00e9e entre la mer du Japon et les sommets sacr\u00e9s du mont Hakusan, Ishikawa d\u00e9voile des paysages d\u2019une beaut\u00e9 saisissante, une gastronomie riche fa\u00e7onn\u00e9e par les bienfaits de la nature, et un artisanat d\u2019exception transmis de g\u00e9n\u00e9ration en g\u00e9n\u00e9ration par des mains expertes.\" \/>\n<meta name=\"robots\" content=\"index, follow, max-snippet:-1, max-image-preview:large, max-video-preview:-1\" \/>\n<link rel=\"canonical\" href=\"https:\/\/voyapon.com\/fr\/bienvenue-dans-la-prefecture-dishikawa\/\" \/>\n<meta property=\"og:locale\" content=\"fr_FR\" \/>\n<meta property=\"og:type\" content=\"article\" \/>\n<meta property=\"og:title\" content=\"Bienvenue dans la prefecture d&#039;Ishikawa\" \/>\n<meta property=\"og:description\" content=\"Nich\u00e9e entre la mer du Japon et les sommets sacr\u00e9s du mont Hakusan, Ishikawa d\u00e9voile des paysages d\u2019une beaut\u00e9 saisissante, une gastronomie riche fa\u00e7onn\u00e9e par les bienfaits de la nature, et un artisanat d\u2019exception transmis de g\u00e9n\u00e9ration en g\u00e9n\u00e9ration par des mains expertes.\" \/>\n<meta property=\"og:url\" content=\"https:\/\/voyapon.com\/fr\/bienvenue-dans-la-prefecture-dishikawa\/\" \/>\n<meta property=\"og:site_name\" content=\"VOYAPON FR\" \/>\n<meta property=\"article:modified_time\" content=\"2026-02-17T09:51:04+00:00\" \/>\n<meta property=\"og:image\" content=\"https:\/\/voyapon.com\/fr\/wp-content\/uploads\/sites\/2\/2026\/02\/pixta_45523834_XL-1-scaled.jpg\" \/>\n\t<meta property=\"og:image:width\" content=\"2560\" \/>\n\t<meta property=\"og:image:height\" content=\"1707\" \/>\n\t<meta property=\"og:image:type\" content=\"image\/jpeg\" \/>\n<meta name=\"twitter:card\" content=\"summary_large_image\" \/>\n<script type=\"application\/ld+json\" class=\"yoast-schema-graph\">{\"@context\":\"https:\/\/schema.org\",\"@graph\":[{\"@type\":\"WebPage\",\"@id\":\"https:\/\/voyapon.com\/fr\/bienvenue-dans-la-prefecture-dishikawa\/\",\"url\":\"https:\/\/voyapon.com\/fr\/bienvenue-dans-la-prefecture-dishikawa\/\",\"name\":\"Bienvenue dans la prefecture d'Ishikawa - VOYAPON FR\",\"isPartOf\":{\"@id\":\"https:\/\/voyapon.com\/fr\/#website\"},\"primaryImageOfPage\":{\"@id\":\"https:\/\/voyapon.com\/fr\/bienvenue-dans-la-prefecture-dishikawa\/#primaryimage\"},\"image\":{\"@id\":\"https:\/\/voyapon.com\/fr\/bienvenue-dans-la-prefecture-dishikawa\/#primaryimage\"},\"thumbnailUrl\":\"https:\/\/voyapon.com\/fr\/wp-content\/uploads\/sites\/2\/2026\/02\/pixta_45523834_XL-1-scaled.jpg\",\"datePublished\":\"2026-02-17T09:46:28+00:00\",\"dateModified\":\"2026-02-17T09:51:04+00:00\",\"description\":\"Nich\u00e9e entre la mer du Japon et les sommets sacr\u00e9s du mont Hakusan, Ishikawa d\u00e9voile des paysages d\u2019une beaut\u00e9 saisissante, une gastronomie riche fa\u00e7onn\u00e9e par les bienfaits de la nature, et un artisanat d\u2019exception transmis de g\u00e9n\u00e9ration en g\u00e9n\u00e9ration par des mains expertes.\",\"breadcrumb\":{\"@id\":\"https:\/\/voyapon.com\/fr\/bienvenue-dans-la-prefecture-dishikawa\/#breadcrumb\"},\"inLanguage\":\"fr-FR\",\"potentialAction\":[{\"@type\":\"ReadAction\",\"target\":[\"https:\/\/voyapon.com\/fr\/bienvenue-dans-la-prefecture-dishikawa\/\"]}]},{\"@type\":\"ImageObject\",\"inLanguage\":\"fr-FR\",\"@id\":\"https:\/\/voyapon.com\/fr\/bienvenue-dans-la-prefecture-dishikawa\/#primaryimage\",\"url\":\"https:\/\/voyapon.com\/fr\/wp-content\/uploads\/sites\/2\/2026\/02\/pixta_45523834_XL-1-scaled.jpg\",\"contentUrl\":\"https:\/\/voyapon.com\/fr\/wp-content\/uploads\/sites\/2\/2026\/02\/pixta_45523834_XL-1-scaled.jpg\",\"width\":2560,\"height\":1707},{\"@type\":\"BreadcrumbList\",\"@id\":\"https:\/\/voyapon.com\/fr\/bienvenue-dans-la-prefecture-dishikawa\/#breadcrumb\",\"itemListElement\":[{\"@type\":\"ListItem\",\"position\":1,\"name\":\"Home\",\"item\":\"https:\/\/voyapon.com\/fr\/\"},{\"@type\":\"ListItem\",\"position\":2,\"name\":\"Bienvenue dans la prefecture d&#8217;Ishikawa\"}]},{\"@type\":\"WebSite\",\"@id\":\"https:\/\/voyapon.com\/fr\/#website\",\"url\":\"https:\/\/voyapon.com\/fr\/\",\"name\":\"VOYAPON FR\",\"description\":\"Guide de voyage au Japon\",\"potentialAction\":[{\"@type\":\"SearchAction\",\"target\":{\"@type\":\"EntryPoint\",\"urlTemplate\":\"https:\/\/voyapon.com\/fr\/?s={search_term_string}\"},\"query-input\":{\"@type\":\"PropertyValueSpecification\",\"valueRequired\":true,\"valueName\":\"search_term_string\"}}],\"inLanguage\":\"fr-FR\"}]}<\/script>\n<!-- \/ Yoast SEO Premium plugin. -->","yoast_head_json":{"title":"Bienvenue dans la prefecture d'Ishikawa - VOYAPON FR","description":"Nich\u00e9e entre la mer du Japon et les sommets sacr\u00e9s du mont Hakusan, Ishikawa d\u00e9voile des paysages d\u2019une beaut\u00e9 saisissante, une gastronomie riche fa\u00e7onn\u00e9e par les bienfaits de la nature, et un artisanat d\u2019exception transmis de g\u00e9n\u00e9ration en g\u00e9n\u00e9ration par des mains expertes.","robots":{"index":"index","follow":"follow","max-snippet":"max-snippet:-1","max-image-preview":"max-image-preview:large","max-video-preview":"max-video-preview:-1"},"canonical":"https:\/\/voyapon.com\/fr\/bienvenue-dans-la-prefecture-dishikawa\/","og_locale":"fr_FR","og_type":"article","og_title":"Bienvenue dans la prefecture d'Ishikawa","og_description":"Nich\u00e9e entre la mer du Japon et les sommets sacr\u00e9s du mont Hakusan, Ishikawa d\u00e9voile des paysages d\u2019une beaut\u00e9 saisissante, une gastronomie riche fa\u00e7onn\u00e9e par les bienfaits de la nature, et un artisanat d\u2019exception transmis de g\u00e9n\u00e9ration en g\u00e9n\u00e9ration par des mains expertes.","og_url":"https:\/\/voyapon.com\/fr\/bienvenue-dans-la-prefecture-dishikawa\/","og_site_name":"VOYAPON FR","article_modified_time":"2026-02-17T09:51:04+00:00","og_image":[{"width":2560,"height":1707,"url":"https:\/\/voyapon.com\/fr\/wp-content\/uploads\/sites\/2\/2026\/02\/pixta_45523834_XL-1-scaled.jpg","type":"image\/jpeg"}],"twitter_card":"summary_large_image","schema":{"@context":"https:\/\/schema.org","@graph":[{"@type":"WebPage","@id":"https:\/\/voyapon.com\/fr\/bienvenue-dans-la-prefecture-dishikawa\/","url":"https:\/\/voyapon.com\/fr\/bienvenue-dans-la-prefecture-dishikawa\/","name":"Bienvenue dans la prefecture d'Ishikawa - VOYAPON FR","isPartOf":{"@id":"https:\/\/voyapon.com\/fr\/#website"},"primaryImageOfPage":{"@id":"https:\/\/voyapon.com\/fr\/bienvenue-dans-la-prefecture-dishikawa\/#primaryimage"},"image":{"@id":"https:\/\/voyapon.com\/fr\/bienvenue-dans-la-prefecture-dishikawa\/#primaryimage"},"thumbnailUrl":"https:\/\/voyapon.com\/fr\/wp-content\/uploads\/sites\/2\/2026\/02\/pixta_45523834_XL-1-scaled.jpg","datePublished":"2026-02-17T09:46:28+00:00","dateModified":"2026-02-17T09:51:04+00:00","description":"Nich\u00e9e entre la mer du Japon et les sommets sacr\u00e9s du mont Hakusan, Ishikawa d\u00e9voile des paysages d\u2019une beaut\u00e9 saisissante, une gastronomie riche fa\u00e7onn\u00e9e par les bienfaits de la nature, et un artisanat d\u2019exception transmis de g\u00e9n\u00e9ration en g\u00e9n\u00e9ration par des mains expertes.","breadcrumb":{"@id":"https:\/\/voyapon.com\/fr\/bienvenue-dans-la-prefecture-dishikawa\/#breadcrumb"},"inLanguage":"fr-FR","potentialAction":[{"@type":"ReadAction","target":["https:\/\/voyapon.com\/fr\/bienvenue-dans-la-prefecture-dishikawa\/"]}]},{"@type":"ImageObject","inLanguage":"fr-FR","@id":"https:\/\/voyapon.com\/fr\/bienvenue-dans-la-prefecture-dishikawa\/#primaryimage","url":"https:\/\/voyapon.com\/fr\/wp-content\/uploads\/sites\/2\/2026\/02\/pixta_45523834_XL-1-scaled.jpg","contentUrl":"https:\/\/voyapon.com\/fr\/wp-content\/uploads\/sites\/2\/2026\/02\/pixta_45523834_XL-1-scaled.jpg","width":2560,"height":1707},{"@type":"BreadcrumbList","@id":"https:\/\/voyapon.com\/fr\/bienvenue-dans-la-prefecture-dishikawa\/#breadcrumb","itemListElement":[{"@type":"ListItem","position":1,"name":"Home","item":"https:\/\/voyapon.com\/fr\/"},{"@type":"ListItem","position":2,"name":"Bienvenue dans la prefecture d&#8217;Ishikawa"}]},{"@type":"WebSite","@id":"https:\/\/voyapon.com\/fr\/#website","url":"https:\/\/voyapon.com\/fr\/","name":"VOYAPON FR","description":"Guide de voyage au Japon","potentialAction":[{"@type":"SearchAction","target":{"@type":"EntryPoint","urlTemplate":"https:\/\/voyapon.com\/fr\/?s={search_term_string}"},"query-input":{"@type":"PropertyValueSpecification","valueRequired":true,"valueName":"search_term_string"}}],"inLanguage":"fr-FR"}]}},"_links":{"self":[{"href":"https:\/\/voyapon.com\/fr\/wp-json\/wp\/v2\/pages\/103378","targetHints":{"allow":["GET"]}}],"collection":[{"href":"https:\/\/voyapon.com\/fr\/wp-json\/wp\/v2\/pages"}],"about":[{"href":"https:\/\/voyapon.com\/fr\/wp-json\/wp\/v2\/types\/page"}],"author":[{"embeddable":true,"href":"https:\/\/voyapon.com\/fr\/wp-json\/wp\/v2\/users\/219"}],"replies":[{"embeddable":true,"href":"https:\/\/voyapon.com\/fr\/wp-json\/wp\/v2\/comments?post=103378"}],"version-history":[{"count":1,"href":"https:\/\/voyapon.com\/fr\/wp-json\/wp\/v2\/pages\/103378\/revisions"}],"predecessor-version":[{"id":103379,"href":"https:\/\/voyapon.com\/fr\/wp-json\/wp\/v2\/pages\/103378\/revisions\/103379"}],"wp:featuredmedia":[{"embeddable":true,"href":"https:\/\/voyapon.com\/fr\/wp-json\/wp\/v2\/media\/103386"}],"wp:attachment":[{"href":"https:\/\/voyapon.com\/fr\/wp-json\/wp\/v2\/media?parent=103378"}],"curies":[{"name":"wp","href":"https:\/\/api.w.org\/{rel}","templated":true}]}}