{"id":69322,"date":"2020-06-23T18:23:02","date_gmt":"2020-06-23T09:23:02","guid":{"rendered":"https:\/\/voyapon.com\/dev\/dev\/dev\/dev\/?page_id=64723"},"modified":"2025-08-25T09:13:23","modified_gmt":"2025-08-25T00:13:23","slug":"guide-voyage-japon","status":"publish","type":"page","link":"https:\/\/voyapon.com\/fr\/guide-voyage-japon\/","title":{"rendered":"Guide de voyage au Japon"},"content":{"rendered":"","protected":false},"excerpt":{"rendered":"","protected":false},"author":133,"featured_media":0,"parent":0,"menu_order":0,"comment_status":"closed","ping_status":"closed","template":"page-guide-voyage-fr.php","meta":{"_acf_changed":false,"_cloudinary_featured_overwrite":false,"footnotes":""},"class_list":["post-69322","page","type-page","status-publish","hentry"],"acf":[],"yoast_head":"<!-- This site is optimized with the Yoast SEO Premium plugin v26.5 (Yoast SEO v26.5) - https:\/\/yoast.com\/wordpress\/plugins\/seo\/ -->\n<title>Guide pratique : Conseils et astuces pour un voyage au Japon r\u00e9ussi<\/title>\n<meta name=\"description\" content=\"Un guide complet rassemblant toutes les informations qui vous seront utiles au Japon pour un voyage en toute s\u00e9r\u00e9nit\u00e9.\" \/>\n<meta name=\"robots\" content=\"index, follow, max-snippet:-1, max-image-preview:large, max-video-preview:-1\" \/>\n<link rel=\"canonical\" href=\"https:\/\/voyapon.com\/fr\/guide-voyage-japon\/\" \/>\n<meta property=\"og:locale\" content=\"fr_FR\" \/>\n<meta property=\"og:type\" content=\"article\" \/>\n<meta property=\"og:title\" content=\"Guide de voyage au Japon\" \/>\n<meta property=\"og:description\" content=\"Un guide complet rassemblant toutes les informations qui vous seront utiles au Japon pour un voyage en toute s\u00e9r\u00e9nit\u00e9.\" \/>\n<meta property=\"og:url\" content=\"https:\/\/voyapon.com\/fr\/guide-voyage-japon\/\" \/>\n<meta property=\"og:site_name\" content=\"VOYAPON FR\" \/>\n<meta property=\"article:modified_time\" content=\"2025-08-25T00:13:23+00:00\" \/>\n<meta name=\"twitter:card\" content=\"summary_large_image\" \/>\n<meta name=\"twitter:label1\" content=\"Est. reading time\" \/>\n\t<meta name=\"twitter:data1\" content=\"17 minutes\" \/>\n<script type=\"application\/ld+json\" class=\"yoast-schema-graph\">{\"@context\":\"https:\/\/schema.org\",\"@graph\":[{\"@type\":\"WebPage\",\"@id\":\"https:\/\/voyapon.com\/fr\/guide-voyage-japon\/\",\"url\":\"https:\/\/voyapon.com\/fr\/guide-voyage-japon\/\",\"name\":\"Guide pratique : Conseils et astuces pour un voyage au Japon r\u00e9ussi\",\"isPartOf\":{\"@id\":\"https:\/\/voyapon.com\/fr\/#website\"},\"datePublished\":\"2020-06-23T09:23:02+00:00\",\"dateModified\":\"2025-08-25T00:13:23+00:00\",\"description\":\"Un guide complet rassemblant toutes les informations qui vous seront utiles au Japon pour un voyage en toute s\u00e9r\u00e9nit\u00e9.\",\"breadcrumb\":{\"@id\":\"https:\/\/voyapon.com\/fr\/guide-voyage-japon\/#breadcrumb\"},\"inLanguage\":\"fr-FR\",\"potentialAction\":[{\"@type\":\"ReadAction\",\"target\":[\"https:\/\/voyapon.com\/fr\/guide-voyage-japon\/\"]}]},{\"@type\":\"BreadcrumbList\",\"@id\":\"https:\/\/voyapon.com\/fr\/guide-voyage-japon\/#breadcrumb\",\"itemListElement\":[{\"@type\":\"ListItem\",\"position\":1,\"name\":\"Home\",\"item\":\"https:\/\/voyapon.com\/fr\/\"},{\"@type\":\"ListItem\",\"position\":2,\"name\":\"Guide de voyage au Japon\"}]},{\"@type\":\"WebSite\",\"@id\":\"https:\/\/voyapon.com\/fr\/#website\",\"url\":\"https:\/\/voyapon.com\/fr\/\",\"name\":\"VOYAPON FR\",\"description\":\"Guide de voyage au Japon\",\"potentialAction\":[{\"@type\":\"SearchAction\",\"target\":{\"@type\":\"EntryPoint\",\"urlTemplate\":\"https:\/\/voyapon.com\/fr\/?s={search_term_string}\"},\"query-input\":{\"@type\":\"PropertyValueSpecification\",\"valueRequired\":true,\"valueName\":\"search_term_string\"}}],\"inLanguage\":\"fr-FR\"}]}<\/script>\n<!-- \/ Yoast SEO Premium plugin. -->","yoast_head_json":{"title":"Guide pratique : Conseils et astuces pour un voyage au Japon r\u00e9ussi","description":"Un guide complet rassemblant toutes les informations qui vous seront utiles au Japon pour un voyage en toute s\u00e9r\u00e9nit\u00e9.","robots":{"index":"index","follow":"follow","max-snippet":"max-snippet:-1","max-image-preview":"max-image-preview:large","max-video-preview":"max-video-preview:-1"},"canonical":"https:\/\/voyapon.com\/fr\/guide-voyage-japon\/","og_locale":"fr_FR","og_type":"article","og_title":"Guide de voyage au Japon","og_description":"Un guide complet rassemblant toutes les informations qui vous seront utiles au Japon pour un voyage en toute s\u00e9r\u00e9nit\u00e9.","og_url":"https:\/\/voyapon.com\/fr\/guide-voyage-japon\/","og_site_name":"VOYAPON FR","article_modified_time":"2025-08-25T00:13:23+00:00","twitter_card":"summary_large_image","twitter_misc":{"Est. reading time":"17 minutes"},"schema":{"@context":"https:\/\/schema.org","@graph":[{"@type":"WebPage","@id":"https:\/\/voyapon.com\/fr\/guide-voyage-japon\/","url":"https:\/\/voyapon.com\/fr\/guide-voyage-japon\/","name":"Guide pratique : Conseils et astuces pour un voyage au Japon r\u00e9ussi","isPartOf":{"@id":"https:\/\/voyapon.com\/fr\/#website"},"datePublished":"2020-06-23T09:23:02+00:00","dateModified":"2025-08-25T00:13:23+00:00","description":"Un guide complet rassemblant toutes les informations qui vous seront utiles au Japon pour un voyage en toute s\u00e9r\u00e9nit\u00e9.","breadcrumb":{"@id":"https:\/\/voyapon.com\/fr\/guide-voyage-japon\/#breadcrumb"},"inLanguage":"fr-FR","potentialAction":[{"@type":"ReadAction","target":["https:\/\/voyapon.com\/fr\/guide-voyage-japon\/"]}]},{"@type":"BreadcrumbList","@id":"https:\/\/voyapon.com\/fr\/guide-voyage-japon\/#breadcrumb","itemListElement":[{"@type":"ListItem","position":1,"name":"Home","item":"https:\/\/voyapon.com\/fr\/"},{"@type":"ListItem","position":2,"name":"Guide de voyage au Japon"}]},{"@type":"WebSite","@id":"https:\/\/voyapon.com\/fr\/#website","url":"https:\/\/voyapon.com\/fr\/","name":"VOYAPON FR","description":"Guide de voyage au Japon","potentialAction":[{"@type":"SearchAction","target":{"@type":"EntryPoint","urlTemplate":"https:\/\/voyapon.com\/fr\/?s={search_term_string}"},"query-input":{"@type":"PropertyValueSpecification","valueRequired":true,"valueName":"search_term_string"}}],"inLanguage":"fr-FR"}]}},"_links":{"self":[{"href":"https:\/\/voyapon.com\/fr\/wp-json\/wp\/v2\/pages\/69322","targetHints":{"allow":["GET"]}}],"collection":[{"href":"https:\/\/voyapon.com\/fr\/wp-json\/wp\/v2\/pages"}],"about":[{"href":"https:\/\/voyapon.com\/fr\/wp-json\/wp\/v2\/types\/page"}],"author":[{"embeddable":true,"href":"https:\/\/voyapon.com\/fr\/wp-json\/wp\/v2\/users\/133"}],"replies":[{"embeddable":true,"href":"https:\/\/voyapon.com\/fr\/wp-json\/wp\/v2\/comments?post=69322"}],"version-history":[{"count":1,"href":"https:\/\/voyapon.com\/fr\/wp-json\/wp\/v2\/pages\/69322\/revisions"}],"predecessor-version":[{"id":102451,"href":"https:\/\/voyapon.com\/fr\/wp-json\/wp\/v2\/pages\/69322\/revisions\/102451"}],"wp:attachment":[{"href":"https:\/\/voyapon.com\/fr\/wp-json\/wp\/v2\/media?parent=69322"}],"curies":[{"name":"wp","href":"https:\/\/api.w.org\/{rel}","templated":true}]}}