{"id":69328,"date":"2020-07-17T09:45:47","date_gmt":"2020-07-17T00:45:47","guid":{"rendered":"https:\/\/voyapon.com\/dev\/?page_id=68274"},"modified":"2020-08-21T23:02:41","modified_gmt":"2020-08-21T14:02:41","slug":"contact","status":"publish","type":"page","link":"https:\/\/voyapon.com\/fr\/contact\/","title":{"rendered":"Nous contacter"},"content":{"rendered":"<p>[vc_row type=&#8221;in_container&#8221; full_screen_row_position=&#8221;middle&#8221; column_margin=&#8221;default&#8221; column_direction=&#8221;default&#8221; column_direction_tablet=&#8221;default&#8221; column_direction_phone=&#8221;default&#8221; scene_position=&#8221;center&#8221; top_padding=&#8221;2%&#8221; bottom_padding=&#8221;5%&#8221; text_color=&#8221;dark&#8221; text_align=&#8221;left&#8221; row_border_radius=&#8221;none&#8221; row_border_radius_applies=&#8221;bg&#8221; id=&#8221;contact-us&#8221; overlay_strength=&#8221;0.3&#8243; gradient_direction=&#8221;left_to_right&#8221; shape_divider_position=&#8221;bottom&#8221; bg_image_animation=&#8221;none&#8221; shape_type=&#8221;&#8221;][vc_column column_padding=&#8221;no-extra-padding&#8221; column_padding_tablet=&#8221;inherit&#8221; column_padding_phone=&#8221;inherit&#8221; column_padding_position=&#8221;all&#8221; background_color_opacity=&#8221;1&#8243; background_hover_color_opacity=&#8221;1&#8243; column_shadow=&#8221;none&#8221; column_border_radius=&#8221;none&#8221; column_link_target=&#8221;_self&#8221; gradient_direction=&#8221;left_to_right&#8221; overlay_strength=&#8221;0.3&#8243; width=&#8221;1\/1&#8243; tablet_width_inherit=&#8221;default&#8221; tablet_text_alignment=&#8221;default&#8221; phone_text_alignment=&#8221;default&#8221; column_border_width=&#8221;none&#8221; column_border_style=&#8221;solid&#8221; bg_image_animation=&#8221;none&#8221;][vc_row_inner column_margin=&#8221;default&#8221; column_direction=&#8221;default&#8221; column_direction_tablet=&#8221;default&#8221; column_direction_phone=&#8221;default&#8221; text_align=&#8221;left&#8221;][vc_column_inner column_padding=&#8221;no-extra-padding&#8221; column_padding_tablet=&#8221;inherit&#8221; column_padding_phone=&#8221;inherit&#8221; column_padding_position=&#8221;all&#8221; background_color_opacity=&#8221;1&#8243; background_hover_color_opacity=&#8221;1&#8243; column_shadow=&#8221;none&#8221; column_border_radius=&#8221;none&#8221; column_link_target=&#8221;_self&#8221; gradient_direction=&#8221;left_to_right&#8221; overlay_strength=&#8221;0.3&#8243; width=&#8221;1\/2&#8243; tablet_width_inherit=&#8221;default&#8221; column_border_width=&#8221;none&#8221; column_border_style=&#8221;solid&#8221; bg_image_animation=&#8221;none&#8221;][vc_column_text]<\/p>\n<h1><span style=\"font-weight: 400;\">Nous contacter<\/span><\/h1>\n<p>[\/vc_column_text][vc_column_text max_width=&#8221;600&#8243;]<span style=\"font-weight: 400;\">Pour toute requ\u00eate concernant IGLOOO Inc., Voyapon, ou Explore Japan Arabic, que cela soit de la publicit\u00e9, des projets m\u00e9dia ou des opportunit\u00e9s de recrutement, veuillez nous contacter via ce formulaire.<\/span><\/p>\n<p><span style=\"font-weight: 400;\">Malheureusement, nous ne pouvons pas r\u00e9pondre aux questions individuelles concernant des demandes de conseils vis-\u00e0-vis de vos projets de voyage au Japon. Si vous avez des questions sp\u00e9cifiques concernant un article, veuillez laisser un commentaire dans la section d\u00e9di\u00e9e de l\u2019article en question. Merci de votre compr\u00e9hension.<\/span>[\/vc_column_text][\/vc_column_inner][vc_column_inner column_padding=&#8221;no-extra-padding&#8221; column_padding_tablet=&#8221;inherit&#8221; column_padding_phone=&#8221;inherit&#8221; column_padding_position=&#8221;all&#8221; background_color_opacity=&#8221;1&#8243; background_hover_color_opacity=&#8221;1&#8243; column_shadow=&#8221;none&#8221; column_border_radius=&#8221;none&#8221; column_link_target=&#8221;_self&#8221; gradient_direction=&#8221;left_to_right&#8221; overlay_strength=&#8221;0.3&#8243; width=&#8221;1\/2&#8243; tablet_width_inherit=&#8221;default&#8221; column_border_width=&#8221;none&#8221; column_border_style=&#8221;solid&#8221; bg_image_animation=&#8221;none&#8221;][vc_column_text][wpforms id=&#8221;69879&#8243; title=&#8221;false&#8221; description=&#8221;false&#8221;][\/vc_column_text][\/vc_column_inner][\/vc_row_inner][vc_row_inner column_margin=&#8221;default&#8221; column_direction=&#8221;default&#8221; column_direction_tablet=&#8221;default&#8221; column_direction_phone=&#8221;default&#8221; text_align=&#8221;left&#8221;][vc_column_inner column_padding=&#8221;no-extra-padding&#8221; column_padding_tablet=&#8221;inherit&#8221; column_padding_phone=&#8221;inherit&#8221; column_padding_position=&#8221;all&#8221; background_color_opacity=&#8221;1&#8243; background_hover_color_opacity=&#8221;1&#8243; column_shadow=&#8221;none&#8221; column_border_radius=&#8221;none&#8221; column_link_target=&#8221;_self&#8221; gradient_direction=&#8221;left_to_right&#8221; overlay_strength=&#8221;0.3&#8243; width=&#8221;1\/1&#8243; tablet_width_inherit=&#8221;default&#8221; column_border_width=&#8221;none&#8221; column_border_style=&#8221;solid&#8221; bg_image_animation=&#8221;none&#8221;][\/vc_column_inner][\/vc_row_inner][\/vc_column][\/vc_row]<\/p>\n","protected":false},"excerpt":{"rendered":"<p>[vc_row type=&#8221;in_container&#8221; full_screen_row_position=&#8221;middle&#8221; column_margin=&#8221;default&#8221; column_direction=&#8221;default&#8221; column_direction_tablet=&#8221;default&#8221; column_direction_phone=&#8221;default&#8221; scene_position=&#8221;center&#8221; top_padding=&#8221;2%&#8221; bottom_padding=&#8221;5%&#8221; text_color=&#8221;dark&#8221; text_align=&#8221;left&#8221; row_border_radius=&#8221;none&#8221; row_border_radius_applies=&#8221;bg&#8221; id=&#8221;contact-us&#8221; overlay_strength=&#8221;0.3&#8243; gradient_direction=&#8221;left_to_right&#8221; shape_divider_position=&#8221;bottom&#8221; bg_image_animation=&#8221;none&#8221; shape_type=&#8221;&#8221;][vc_column column_padding=&#8221;no-extra-padding&#8221; column_padding_tablet=&#8221;inherit&#8221; column_padding_phone=&#8221;inherit&#8221; column_padding_position=&#8221;all&#8221; background_color_opacity=&#8221;1&#8243; background_hover_color_opacity=&#8221;1&#8243; column_shadow=&#8221;none&#8221; column_border_radius=&#8221;none&#8221; column_link_target=&#8221;_self&#8221; gradient_direction=&#8221;left_to_right&#8221; overlay_strength=&#8221;0.3&#8243; width=&#8221;1\/1&#8243; tablet_width_inherit=&#8221;default&#8221; tablet_text_alignment=&#8221;default&#8221; phone_text_alignment=&#8221;default&#8221; column_border_width=&#8221;none&#8221; column_border_style=&#8221;solid&#8221; bg_image_animation=&#8221;none&#8221;][vc_row_inner column_margin=&#8221;default&#8221; column_direction=&#8221;default&#8221; column_direction_tablet=&#8221;default&#8221; column_direction_phone=&#8221;default&#8221; text_align=&#8221;left&#8221;][vc_column_inner column_padding=&#8221;no-extra-padding&#8221; column_padding_tablet=&#8221;inherit&#8221; column_padding_phone=&#8221;inherit&#8221; column_padding_position=&#8221;all&#8221; background_color_opacity=&#8221;1&#8243; background_hover_color_opacity=&#8221;1&#8243; column_shadow=&#8221;none&#8221; column_border_radius=&#8221;none&#8221; column_link_target=&#8221;_self&#8221; gradient_direction=&#8221;left_to_right&#8221; overlay_strength=&#8221;0.3&#8243; width=&#8221;1\/2&#8243; [&hellip;]<\/p>\n","protected":false},"author":133,"featured_media":0,"parent":0,"menu_order":0,"comment_status":"open","ping_status":"closed","template":"","meta":{"_acf_changed":false,"_cloudinary_featured_overwrite":false,"footnotes":""},"class_list":["post-69328","page","type-page","status-publish","hentry"],"acf":[],"yoast_head":"<!-- This site is optimized with the Yoast SEO Premium plugin v26.5 (Yoast SEO v26.5) - https:\/\/yoast.com\/wordpress\/plugins\/seo\/ -->\n<title>Nous contacter \u2013 VOYAPON Guide de voyage au Japon<\/title>\n<meta name=\"description\" content=\"Vous d\u00e9sirez entrer en contact avec nous ? Envoyez-nous un message et l&#039;\u00e9quipe de Voyapon se fera un plaisir de vous r\u00e9pondre !\" \/>\n<meta name=\"robots\" content=\"index, follow, max-snippet:-1, max-image-preview:large, max-video-preview:-1\" \/>\n<link rel=\"canonical\" href=\"https:\/\/voyapon.com\/fr\/contact\/\" \/>\n<meta property=\"og:locale\" content=\"fr_FR\" \/>\n<meta property=\"og:type\" content=\"article\" \/>\n<meta property=\"og:title\" content=\"Nous contacter\" \/>\n<meta property=\"og:description\" content=\"Vous d\u00e9sirez entrer en contact avec nous ? Envoyez-nous un message et l&#039;\u00e9quipe de Voyapon se fera un plaisir de vous r\u00e9pondre !\" \/>\n<meta property=\"og:url\" content=\"https:\/\/voyapon.com\/fr\/contact\/\" \/>\n<meta property=\"og:site_name\" content=\"VOYAPON FR\" \/>\n<meta property=\"article:modified_time\" content=\"2020-08-21T14:02:41+00:00\" \/>\n<meta name=\"twitter:card\" content=\"summary_large_image\" \/>\n<meta name=\"twitter:label1\" content=\"Est. reading time\" \/>\n\t<meta name=\"twitter:data1\" content=\"2 minutes\" \/>\n<script type=\"application\/ld+json\" class=\"yoast-schema-graph\">{\"@context\":\"https:\/\/schema.org\",\"@graph\":[{\"@type\":\"WebPage\",\"@id\":\"https:\/\/voyapon.com\/fr\/contact\/\",\"url\":\"https:\/\/voyapon.com\/fr\/contact\/\",\"name\":\"Nous contacter \u2013 VOYAPON Guide de voyage au Japon\",\"isPartOf\":{\"@id\":\"https:\/\/voyapon.com\/fr\/#website\"},\"datePublished\":\"2020-07-17T00:45:47+00:00\",\"dateModified\":\"2020-08-21T14:02:41+00:00\",\"description\":\"Vous d\u00e9sirez entrer en contact avec nous ? Envoyez-nous un message et l'\u00e9quipe de Voyapon se fera un plaisir de vous r\u00e9pondre !\",\"breadcrumb\":{\"@id\":\"https:\/\/voyapon.com\/fr\/contact\/#breadcrumb\"},\"inLanguage\":\"fr-FR\",\"potentialAction\":[{\"@type\":\"ReadAction\",\"target\":[\"https:\/\/voyapon.com\/fr\/contact\/\"]}]},{\"@type\":\"BreadcrumbList\",\"@id\":\"https:\/\/voyapon.com\/fr\/contact\/#breadcrumb\",\"itemListElement\":[{\"@type\":\"ListItem\",\"position\":1,\"name\":\"Home\",\"item\":\"https:\/\/voyapon.com\/fr\/\"},{\"@type\":\"ListItem\",\"position\":2,\"name\":\"Nous contacter\"}]},{\"@type\":\"WebSite\",\"@id\":\"https:\/\/voyapon.com\/fr\/#website\",\"url\":\"https:\/\/voyapon.com\/fr\/\",\"name\":\"VOYAPON FR\",\"description\":\"Guide de voyage au Japon\",\"potentialAction\":[{\"@type\":\"SearchAction\",\"target\":{\"@type\":\"EntryPoint\",\"urlTemplate\":\"https:\/\/voyapon.com\/fr\/?s={search_term_string}\"},\"query-input\":{\"@type\":\"PropertyValueSpecification\",\"valueRequired\":true,\"valueName\":\"search_term_string\"}}],\"inLanguage\":\"fr-FR\"}]}<\/script>\n<!-- \/ Yoast SEO Premium plugin. -->","yoast_head_json":{"title":"Nous contacter \u2013 VOYAPON Guide de voyage au Japon","description":"Vous d\u00e9sirez entrer en contact avec nous ? Envoyez-nous un message et l'\u00e9quipe de Voyapon se fera un plaisir de vous r\u00e9pondre !","robots":{"index":"index","follow":"follow","max-snippet":"max-snippet:-1","max-image-preview":"max-image-preview:large","max-video-preview":"max-video-preview:-1"},"canonical":"https:\/\/voyapon.com\/fr\/contact\/","og_locale":"fr_FR","og_type":"article","og_title":"Nous contacter","og_description":"Vous d\u00e9sirez entrer en contact avec nous ? Envoyez-nous un message et l'\u00e9quipe de Voyapon se fera un plaisir de vous r\u00e9pondre !","og_url":"https:\/\/voyapon.com\/fr\/contact\/","og_site_name":"VOYAPON FR","article_modified_time":"2020-08-21T14:02:41+00:00","twitter_card":"summary_large_image","twitter_misc":{"Est. reading time":"2 minutes"},"schema":{"@context":"https:\/\/schema.org","@graph":[{"@type":"WebPage","@id":"https:\/\/voyapon.com\/fr\/contact\/","url":"https:\/\/voyapon.com\/fr\/contact\/","name":"Nous contacter \u2013 VOYAPON Guide de voyage au Japon","isPartOf":{"@id":"https:\/\/voyapon.com\/fr\/#website"},"datePublished":"2020-07-17T00:45:47+00:00","dateModified":"2020-08-21T14:02:41+00:00","description":"Vous d\u00e9sirez entrer en contact avec nous ? Envoyez-nous un message et l'\u00e9quipe de Voyapon se fera un plaisir de vous r\u00e9pondre !","breadcrumb":{"@id":"https:\/\/voyapon.com\/fr\/contact\/#breadcrumb"},"inLanguage":"fr-FR","potentialAction":[{"@type":"ReadAction","target":["https:\/\/voyapon.com\/fr\/contact\/"]}]},{"@type":"BreadcrumbList","@id":"https:\/\/voyapon.com\/fr\/contact\/#breadcrumb","itemListElement":[{"@type":"ListItem","position":1,"name":"Home","item":"https:\/\/voyapon.com\/fr\/"},{"@type":"ListItem","position":2,"name":"Nous contacter"}]},{"@type":"WebSite","@id":"https:\/\/voyapon.com\/fr\/#website","url":"https:\/\/voyapon.com\/fr\/","name":"VOYAPON FR","description":"Guide de voyage au Japon","potentialAction":[{"@type":"SearchAction","target":{"@type":"EntryPoint","urlTemplate":"https:\/\/voyapon.com\/fr\/?s={search_term_string}"},"query-input":{"@type":"PropertyValueSpecification","valueRequired":true,"valueName":"search_term_string"}}],"inLanguage":"fr-FR"}]}},"_links":{"self":[{"href":"https:\/\/voyapon.com\/fr\/wp-json\/wp\/v2\/pages\/69328","targetHints":{"allow":["GET"]}}],"collection":[{"href":"https:\/\/voyapon.com\/fr\/wp-json\/wp\/v2\/pages"}],"about":[{"href":"https:\/\/voyapon.com\/fr\/wp-json\/wp\/v2\/types\/page"}],"author":[{"embeddable":true,"href":"https:\/\/voyapon.com\/fr\/wp-json\/wp\/v2\/users\/133"}],"replies":[{"embeddable":true,"href":"https:\/\/voyapon.com\/fr\/wp-json\/wp\/v2\/comments?post=69328"}],"version-history":[{"count":0,"href":"https:\/\/voyapon.com\/fr\/wp-json\/wp\/v2\/pages\/69328\/revisions"}],"wp:attachment":[{"href":"https:\/\/voyapon.com\/fr\/wp-json\/wp\/v2\/media?parent=69328"}],"curies":[{"name":"wp","href":"https:\/\/api.w.org\/{rel}","templated":true}]}}