{"id":84751,"date":"2021-08-31T16:20:18","date_gmt":"2021-08-31T07:20:18","guid":{"rendered":"https:\/\/voyapon.com\/fr\/?page_id=84751"},"modified":"2021-08-31T16:21:44","modified_gmt":"2021-08-31T07:21:44","slug":"japan-map","status":"publish","type":"page","link":"https:\/\/voyapon.com\/fr\/japan-map\/","title":{"rendered":"Votre prochaine aventure au Japon"},"content":{"rendered":"<p>[vc_row type=&#8221;in_container&#8221; full_screen_row_position=&#8221;middle&#8221; column_margin=&#8221;default&#8221; column_direction=&#8221;default&#8221; column_direction_tablet=&#8221;default&#8221; column_direction_phone=&#8221;default&#8221; scene_position=&#8221;center&#8221; text_color=&#8221;dark&#8221; text_align=&#8221;left&#8221; row_border_radius=&#8221;none&#8221; row_border_radius_applies=&#8221;bg&#8221; overlay_strength=&#8221;0.3&#8243; gradient_direction=&#8221;left_to_right&#8221; shape_divider_position=&#8221;bottom&#8221; bg_image_animation=&#8221;none&#8221;][vc_column column_padding=&#8221;no-extra-padding&#8221; column_padding_tablet=&#8221;inherit&#8221; column_padding_phone=&#8221;inherit&#8221; column_padding_position=&#8221;all&#8221; column_element_spacing=&#8221;default&#8221; background_color_opacity=&#8221;1&#8243; background_hover_color_opacity=&#8221;1&#8243; column_shadow=&#8221;none&#8221; column_border_radius=&#8221;none&#8221; column_link_target=&#8221;_self&#8221; gradient_direction=&#8221;left_to_right&#8221; overlay_strength=&#8221;0.3&#8243; width=&#8221;1\/4&#8243; tablet_width_inherit=&#8221;default&#8221; tablet_text_alignment=&#8221;default&#8221; phone_text_alignment=&#8221;default&#8221; bg_image_animation=&#8221;none&#8221; border_type=&#8221;simple&#8221; column_border_width=&#8221;none&#8221; column_border_style=&#8221;solid&#8221;][vc_column_text]Utilisez notre carte interactive pour rechercher visuellement des articles pour d\u00e9couvrir des destinations, des activit\u00e9s et des exp\u00e9riences au Japon ! Construisez votre propre itin\u00e9raire ou d\u00e9couvrez des joyaux cach\u00e9s \u00e0 ajouter \u00e0 votre itin\u00e9raire existant ![\/vc_column_text][vc_widget_sidebar sidebar_id=&#8221;footer-area-3&#8243;][\/vc_column][vc_column column_padding=&#8221;no-extra-padding&#8221; column_padding_tablet=&#8221;inherit&#8221; column_padding_phone=&#8221;inherit&#8221; column_padding_position=&#8221;all&#8221; column_element_spacing=&#8221;default&#8221; background_color_opacity=&#8221;1&#8243; background_hover_color_opacity=&#8221;1&#8243; column_shadow=&#8221;none&#8221; column_border_radius=&#8221;none&#8221; column_link_target=&#8221;_self&#8221; gradient_direction=&#8221;left_to_right&#8221; overlay_strength=&#8221;0.3&#8243; width=&#8221;3\/4&#8243; tablet_width_inherit=&#8221;default&#8221; tablet_text_alignment=&#8221;default&#8221; phone_text_alignment=&#8221;default&#8221; bg_image_animation=&#8221;none&#8221; border_type=&#8221;simple&#8221; column_border_width=&#8221;none&#8221; column_border_style=&#8221;solid&#8221;][vc_column_text]<strong>[travelers-map]<\/strong>[\/vc_column_text][\/vc_column][\/vc_row]<\/p>\n","protected":false},"excerpt":{"rendered":"<p>[vc_row type=&#8221;in_container&#8221; full_screen_row_position=&#8221;middle&#8221; column_margin=&#8221;default&#8221; column_direction=&#8221;default&#8221; column_direction_tablet=&#8221;default&#8221; column_direction_phone=&#8221;default&#8221; scene_position=&#8221;center&#8221; text_color=&#8221;dark&#8221; text_align=&#8221;left&#8221; row_border_radius=&#8221;none&#8221; row_border_radius_applies=&#8221;bg&#8221; overlay_strength=&#8221;0.3&#8243; gradient_direction=&#8221;left_to_right&#8221; shape_divider_position=&#8221;bottom&#8221; bg_image_animation=&#8221;none&#8221;][vc_column column_padding=&#8221;no-extra-padding&#8221; column_padding_tablet=&#8221;inherit&#8221; column_padding_phone=&#8221;inherit&#8221; column_padding_position=&#8221;all&#8221; column_element_spacing=&#8221;default&#8221; background_color_opacity=&#8221;1&#8243; background_hover_color_opacity=&#8221;1&#8243; column_shadow=&#8221;none&#8221; column_border_radius=&#8221;none&#8221; column_link_target=&#8221;_self&#8221; gradient_direction=&#8221;left_to_right&#8221; overlay_strength=&#8221;0.3&#8243; width=&#8221;1\/4&#8243; tablet_width_inherit=&#8221;default&#8221; tablet_text_alignment=&#8221;default&#8221; phone_text_alignment=&#8221;default&#8221; bg_image_animation=&#8221;none&#8221; border_type=&#8221;simple&#8221; column_border_width=&#8221;none&#8221; column_border_style=&#8221;solid&#8221;][vc_column_text]Utilisez notre carte interactive pour rechercher visuellement des articles pour d\u00e9couvrir des destinations, des activit\u00e9s et des exp\u00e9riences au Japon [&hellip;]<\/p>\n","protected":false},"author":149,"featured_media":0,"parent":0,"menu_order":0,"comment_status":"closed","ping_status":"closed","template":"","meta":{"_acf_changed":false,"_cloudinary_featured_overwrite":false,"footnotes":""},"class_list":["post-84751","page","type-page","status-publish","hentry"],"acf":[],"yoast_head":"<!-- This site is optimized with the Yoast SEO Premium plugin v26.5 (Yoast SEO v26.5) - https:\/\/yoast.com\/wordpress\/plugins\/seo\/ -->\n<title>Explorer le Japon avec notre carte interactive - Voyapon<\/title>\n<meta name=\"description\" content=\"D\u00e9couvrez toutes les meilleures destinations du Japon gr\u00e2ce \u00e0 la carte interactive du Japon de Voyapon et planifiez votre voyage.\" \/>\n<meta name=\"robots\" content=\"index, follow, max-snippet:-1, max-image-preview:large, max-video-preview:-1\" \/>\n<link rel=\"canonical\" href=\"https:\/\/voyapon.com\/fr\/japan-map\/\" \/>\n<meta property=\"og:locale\" content=\"fr_FR\" \/>\n<meta property=\"og:type\" content=\"article\" \/>\n<meta property=\"og:title\" content=\"Votre prochaine aventure au Japon\" \/>\n<meta property=\"og:description\" content=\"D\u00e9couvrez toutes les meilleures destinations du Japon gr\u00e2ce \u00e0 la carte interactive du Japon de Voyapon et planifiez votre voyage.\" \/>\n<meta property=\"og:url\" content=\"https:\/\/voyapon.com\/fr\/japan-map\/\" \/>\n<meta property=\"og:site_name\" content=\"VOYAPON FR\" \/>\n<meta property=\"article:modified_time\" content=\"2021-08-31T07:21:44+00:00\" \/>\n<meta name=\"twitter:card\" content=\"summary_large_image\" \/>\n<meta name=\"twitter:label1\" content=\"Est. reading time\" \/>\n\t<meta name=\"twitter:data1\" content=\"1 minute\" \/>\n<script type=\"application\/ld+json\" class=\"yoast-schema-graph\">{\"@context\":\"https:\/\/schema.org\",\"@graph\":[{\"@type\":\"WebPage\",\"@id\":\"https:\/\/voyapon.com\/fr\/japan-map\/\",\"url\":\"https:\/\/voyapon.com\/fr\/japan-map\/\",\"name\":\"Explorer le Japon avec notre carte interactive - Voyapon\",\"isPartOf\":{\"@id\":\"https:\/\/voyapon.com\/fr\/#website\"},\"datePublished\":\"2021-08-31T07:20:18+00:00\",\"dateModified\":\"2021-08-31T07:21:44+00:00\",\"description\":\"D\u00e9couvrez toutes les meilleures destinations du Japon gr\u00e2ce \u00e0 la carte interactive du Japon de Voyapon et planifiez votre voyage.\",\"breadcrumb\":{\"@id\":\"https:\/\/voyapon.com\/fr\/japan-map\/#breadcrumb\"},\"inLanguage\":\"fr-FR\",\"potentialAction\":[{\"@type\":\"ReadAction\",\"target\":[\"https:\/\/voyapon.com\/fr\/japan-map\/\"]}]},{\"@type\":\"BreadcrumbList\",\"@id\":\"https:\/\/voyapon.com\/fr\/japan-map\/#breadcrumb\",\"itemListElement\":[{\"@type\":\"ListItem\",\"position\":1,\"name\":\"Home\",\"item\":\"https:\/\/voyapon.com\/fr\/\"},{\"@type\":\"ListItem\",\"position\":2,\"name\":\"Votre prochaine aventure au Japon\"}]},{\"@type\":\"WebSite\",\"@id\":\"https:\/\/voyapon.com\/fr\/#website\",\"url\":\"https:\/\/voyapon.com\/fr\/\",\"name\":\"VOYAPON FR\",\"description\":\"Guide de voyage au Japon\",\"potentialAction\":[{\"@type\":\"SearchAction\",\"target\":{\"@type\":\"EntryPoint\",\"urlTemplate\":\"https:\/\/voyapon.com\/fr\/?s={search_term_string}\"},\"query-input\":{\"@type\":\"PropertyValueSpecification\",\"valueRequired\":true,\"valueName\":\"search_term_string\"}}],\"inLanguage\":\"fr-FR\"}]}<\/script>\n<!-- \/ Yoast SEO Premium plugin. -->","yoast_head_json":{"title":"Explorer le Japon avec notre carte interactive - Voyapon","description":"D\u00e9couvrez toutes les meilleures destinations du Japon gr\u00e2ce \u00e0 la carte interactive du Japon de Voyapon et planifiez votre voyage.","robots":{"index":"index","follow":"follow","max-snippet":"max-snippet:-1","max-image-preview":"max-image-preview:large","max-video-preview":"max-video-preview:-1"},"canonical":"https:\/\/voyapon.com\/fr\/japan-map\/","og_locale":"fr_FR","og_type":"article","og_title":"Votre prochaine aventure au Japon","og_description":"D\u00e9couvrez toutes les meilleures destinations du Japon gr\u00e2ce \u00e0 la carte interactive du Japon de Voyapon et planifiez votre voyage.","og_url":"https:\/\/voyapon.com\/fr\/japan-map\/","og_site_name":"VOYAPON FR","article_modified_time":"2021-08-31T07:21:44+00:00","twitter_card":"summary_large_image","twitter_misc":{"Est. reading time":"1 minute"},"schema":{"@context":"https:\/\/schema.org","@graph":[{"@type":"WebPage","@id":"https:\/\/voyapon.com\/fr\/japan-map\/","url":"https:\/\/voyapon.com\/fr\/japan-map\/","name":"Explorer le Japon avec notre carte interactive - Voyapon","isPartOf":{"@id":"https:\/\/voyapon.com\/fr\/#website"},"datePublished":"2021-08-31T07:20:18+00:00","dateModified":"2021-08-31T07:21:44+00:00","description":"D\u00e9couvrez toutes les meilleures destinations du Japon gr\u00e2ce \u00e0 la carte interactive du Japon de Voyapon et planifiez votre voyage.","breadcrumb":{"@id":"https:\/\/voyapon.com\/fr\/japan-map\/#breadcrumb"},"inLanguage":"fr-FR","potentialAction":[{"@type":"ReadAction","target":["https:\/\/voyapon.com\/fr\/japan-map\/"]}]},{"@type":"BreadcrumbList","@id":"https:\/\/voyapon.com\/fr\/japan-map\/#breadcrumb","itemListElement":[{"@type":"ListItem","position":1,"name":"Home","item":"https:\/\/voyapon.com\/fr\/"},{"@type":"ListItem","position":2,"name":"Votre prochaine aventure au Japon"}]},{"@type":"WebSite","@id":"https:\/\/voyapon.com\/fr\/#website","url":"https:\/\/voyapon.com\/fr\/","name":"VOYAPON FR","description":"Guide de voyage au Japon","potentialAction":[{"@type":"SearchAction","target":{"@type":"EntryPoint","urlTemplate":"https:\/\/voyapon.com\/fr\/?s={search_term_string}"},"query-input":{"@type":"PropertyValueSpecification","valueRequired":true,"valueName":"search_term_string"}}],"inLanguage":"fr-FR"}]}},"_links":{"self":[{"href":"https:\/\/voyapon.com\/fr\/wp-json\/wp\/v2\/pages\/84751","targetHints":{"allow":["GET"]}}],"collection":[{"href":"https:\/\/voyapon.com\/fr\/wp-json\/wp\/v2\/pages"}],"about":[{"href":"https:\/\/voyapon.com\/fr\/wp-json\/wp\/v2\/types\/page"}],"author":[{"embeddable":true,"href":"https:\/\/voyapon.com\/fr\/wp-json\/wp\/v2\/users\/149"}],"replies":[{"embeddable":true,"href":"https:\/\/voyapon.com\/fr\/wp-json\/wp\/v2\/comments?post=84751"}],"version-history":[{"count":0,"href":"https:\/\/voyapon.com\/fr\/wp-json\/wp\/v2\/pages\/84751\/revisions"}],"wp:attachment":[{"href":"https:\/\/voyapon.com\/fr\/wp-json\/wp\/v2\/media?parent=84751"}],"curies":[{"name":"wp","href":"https:\/\/api.w.org\/{rel}","templated":true}]}}