{"id":69331,"date":"2020-07-17T12:22:50","date_gmt":"2020-07-17T10:22:50","guid":{"rendered":"https:\/\/voyapon.com\/dev\/?page_id=68336"},"modified":"2022-07-22T15:52:23","modified_gmt":"2022-07-22T06:52:23","slug":"attrazioni-turistiche","status":"publish","type":"page","link":"https:\/\/voyapon.com\/it\/attrazioni-turistiche\/","title":{"rendered":"Attrazioni turistiche"},"content":{"rendered":"<p>[vc_row type=&#8221;in_container&#8221; full_screen_row_position=&#8221;middle&#8221; column_margin=&#8221;default&#8221; column_direction=&#8221;default&#8221; column_direction_tablet=&#8221;default&#8221; column_direction_phone=&#8221;default&#8221; scene_position=&#8221;center&#8221; text_color=&#8221;dark&#8221; text_align=&#8221;left&#8221; row_border_radius=&#8221;none&#8221; row_border_radius_applies=&#8221;bg&#8221; overflow=&#8221;visible&#8221; overlay_strength=&#8221;0.3&#8243; gradient_direction=&#8221;left_to_right&#8221; shape_divider_position=&#8221;bottom&#8221; bg_image_animation=&#8221;none&#8221; shape_type=&#8221;&#8221;][vc_column column_padding=&#8221;no-extra-padding&#8221; column_padding_tablet=&#8221;inherit&#8221; column_padding_phone=&#8221;inherit&#8221; column_padding_position=&#8221;all&#8221; column_element_spacing=&#8221;default&#8221; background_color_opacity=&#8221;1&#8243; background_hover_color_opacity=&#8221;1&#8243; column_shadow=&#8221;none&#8221; column_border_radius=&#8221;none&#8221; column_link_target=&#8221;_self&#8221; column_position=&#8221;default&#8221; gradient_direction=&#8221;left_to_right&#8221; overlay_strength=&#8221;0.3&#8243; width=&#8221;3\/4&#8243; tablet_width_inherit=&#8221;default&#8221; tablet_text_alignment=&#8221;default&#8221; phone_text_alignment=&#8221;default&#8221; animation_type=&#8221;default&#8221; bg_image_animation=&#8221;none&#8221; border_type=&#8221;simple&#8221; column_border_width=&#8221;none&#8221; column_border_style=&#8221;solid&#8221;][vc_row_inner column_margin=&#8221;default&#8221; column_direction=&#8221;default&#8221; column_direction_tablet=&#8221;default&#8221; column_direction_phone=&#8221;default&#8221; top_padding=&#8221;4%&#8221; text_align=&#8221;left&#8221; row_position=&#8221;default&#8221; row_position_tablet=&#8221;inherit&#8221; row_position_phone=&#8221;inherit&#8221; overflow=&#8221;visible&#8221; pointer_events=&#8221;all&#8221;][vc_column_inner column_padding=&#8221;no-extra-padding&#8221; column_padding_tablet=&#8221;inherit&#8221; column_padding_phone=&#8221;inherit&#8221; column_padding_position=&#8221;all&#8221; column_element_spacing=&#8221;default&#8221; background_color_opacity=&#8221;1&#8243; background_hover_color_opacity=&#8221;1&#8243; column_shadow=&#8221;none&#8221; column_border_radius=&#8221;none&#8221; column_link_target=&#8221;_self&#8221; gradient_direction=&#8221;left_to_right&#8221; overlay_strength=&#8221;0.3&#8243; width=&#8221;1\/1&#8243; tablet_width_inherit=&#8221;default&#8221; animation_type=&#8221;default&#8221; bg_image_animation=&#8221;none&#8221; border_type=&#8221;simple&#8221; column_border_width=&#8221;none&#8221; column_border_style=&#8221;solid&#8221;][vc_text_separator title=&#8221;In primo piano&#8221; title_align=&#8221;separator_align_left&#8221;][\/vc_column_inner][\/vc_row_inner][vc_row_inner column_margin=&#8221;default&#8221; column_direction=&#8221;default&#8221; column_direction_tablet=&#8221;default&#8221; column_direction_phone=&#8221;default&#8221; text_align=&#8221;left&#8221; row_position=&#8221;default&#8221; row_position_tablet=&#8221;inherit&#8221; row_position_phone=&#8221;inherit&#8221; overflow=&#8221;visible&#8221; pointer_events=&#8221;all&#8221;][vc_column_inner column_padding=&#8221;no-extra-padding&#8221; column_padding_tablet=&#8221;inherit&#8221; column_padding_phone=&#8221;inherit&#8221; column_padding_position=&#8221;all&#8221; column_element_spacing=&#8221;default&#8221; background_color_opacity=&#8221;1&#8243; background_hover_color_opacity=&#8221;1&#8243; column_shadow=&#8221;none&#8221; column_border_radius=&#8221;none&#8221; column_link_target=&#8221;_self&#8221; gradient_direction=&#8221;left_to_right&#8221; overlay_strength=&#8221;0.3&#8243; width=&#8221;1\/1&#8243; tablet_width_inherit=&#8221;default&#8221; animation_type=&#8221;default&#8221; bg_image_animation=&#8221;none&#8221; border_type=&#8221;simple&#8221; column_border_width=&#8221;none&#8221; column_border_style=&#8221;solid&#8221;][vc_column_text]<\/p>\n<p class=\"p1\" style=\"text-align: justify;\"><span style=\"font-weight: 400;\">Con la sua storia ricca e complessa, il Giappone \u00e8 uno scrigno di monumenti da scoprire. Tutto ebbe un probabile inizio nel periodo Jomon, circa 16.000 anni fa, come testimoniano i siti di scavo presenti nel nord del Paese. I santuari shintoisti iniziarono ad apparire in Giappone intorno ai primi anni del 700 e il primo in assoluto si ritiene fosse il maestoso Grande Santuario di Izumo Taisha nella Prefettura di Shimane. Presto <a href=\"https:\/\/voyapon.com\/it\/differenze-santuari-shinto-templi-buddhisti-giappone\/\">santuari e templi della religione buddista<\/a>, approdata in Giappone dalla Cina e dalla Corea, divennero prevalenti in tutto il paese: alcuni centri di culto si formarono in antiche capitali come Asuka, altri invece nascosti in cima alle montagne o nella profondit\u00e0 di valli boscose.<\/span><\/p>\n<p>[\/vc_column_text][vc_column_text]<span style=\"font-weight: 400;\">Pi\u00f9 tardi, un&#8217;era di scambi commerciali con il resto del mondo port\u00f2 una serie di cambiamenti in Giappone. L&#8217;architettura di ispirazione occidentale, e persino le cattedrali, furono il risultato dell&#8217;influenza dei missionari portoghesi. Il parco a tema Huis Ten Bosch a Nagasaki \u00e8 stato modellato prendendo come esempio una citt\u00e0 olandese. Subito dopo, l&#8217;era Edo dei samurai e dello Shogun port\u00f2 un nuovo tipo di costruzione: gli imponenti castelli fortificati. Sebbene molti di questi siano andati distrutti o smantellati dopo la fine del periodo Edo, alcuni castelli originali come quello di Matsue resistono da ben quattro secoli.<\/span>[\/vc_column_text][vc_column_text]<span style=\"font-weight: 400;\">L&#8217;et\u00e0 moderna ha infine portato alla costruzione in Giappone di musei, luoghi per lo spettacolo ed edifici emblematici quali la Tokyo Tower. Oggi tutta questa storia \u00e8 accessibile ai visitatori del Giappone attraverso un&#8217;eccezionale rete di trasporto di treni ad alta velocit\u00e0, voli nazionali e autobus notturni.<\/span>[\/vc_column_text][fancy_box box_style=&#8221;default&#8221; icon_family=&#8221;none&#8221; image_url=&#8221;70291&#8243; color=&#8221;accent-color&#8221; border_radius=&#8221;5px&#8221; image_loading=&#8221;lazy-load&#8221; link_url=&#8221;https:\/\/voyapon.com\/it\/?tag=castello\/&#8221; min_height=&#8221;200&#8243; link_text=&#8221;Castello giapponese&#8221;][\/fancy_box][\/vc_column_inner][\/vc_row_inner][\/vc_column][vc_column column_padding=&#8221;no-extra-padding&#8221; column_padding_tablet=&#8221;inherit&#8221; column_padding_phone=&#8221;inherit&#8221; column_padding_position=&#8221;all&#8221; column_element_spacing=&#8221;default&#8221; background_color_opacity=&#8221;1&#8243; background_hover_color_opacity=&#8221;1&#8243; column_shadow=&#8221;none&#8221; column_border_radius=&#8221;none&#8221; column_link_target=&#8221;_self&#8221; column_position=&#8221;default&#8221; gradient_direction=&#8221;left_to_right&#8221; overlay_strength=&#8221;0.3&#8243; width=&#8221;1\/4&#8243; tablet_width_inherit=&#8221;default&#8221; tablet_text_alignment=&#8221;default&#8221; phone_text_alignment=&#8221;default&#8221; animation_type=&#8221;default&#8221; bg_image_animation=&#8221;none&#8221; border_type=&#8221;simple&#8221; column_border_width=&#8221;none&#8221; column_border_style=&#8221;solid&#8221; offset=&#8221;vc_hidden-sm vc_hidden-xs&#8221;][vc_widget_sidebar enable_sticky=&#8221;true&#8221; sidebar_id=&#8221;nectar-extra-sidebar&#8221;][\/vc_column][\/vc_row][vc_row type=&#8221;in_container&#8221; full_screen_row_position=&#8221;middle&#8221; column_margin=&#8221;default&#8221; column_direction=&#8221;default&#8221; column_direction_tablet=&#8221;default&#8221; column_direction_phone=&#8221;default&#8221; scene_position=&#8221;center&#8221; top_padding=&#8221;3%&#8221; text_color=&#8221;dark&#8221; text_align=&#8221;left&#8221; row_border_radius=&#8221;none&#8221; row_border_radius_applies=&#8221;bg&#8221; overflow=&#8221;visible&#8221; overlay_strength=&#8221;0.3&#8243; gradient_direction=&#8221;left_to_right&#8221; shape_divider_position=&#8221;bottom&#8221; bg_image_animation=&#8221;none&#8221; shape_type=&#8221;&#8221;][vc_column column_padding=&#8221;no-extra-padding&#8221; column_padding_tablet=&#8221;inherit&#8221; column_padding_phone=&#8221;inherit&#8221; column_padding_position=&#8221;all&#8221; column_element_spacing=&#8221;default&#8221; background_color_opacity=&#8221;1&#8243; background_hover_color_opacity=&#8221;1&#8243; column_shadow=&#8221;none&#8221; column_border_radius=&#8221;none&#8221; column_link_target=&#8221;_self&#8221; column_position=&#8221;default&#8221; gradient_direction=&#8221;left_to_right&#8221; overlay_strength=&#8221;0.3&#8243; width=&#8221;1\/1&#8243; tablet_width_inherit=&#8221;default&#8221; tablet_text_alignment=&#8221;default&#8221; phone_text_alignment=&#8221;default&#8221; animation_type=&#8221;default&#8221; bg_image_animation=&#8221;none&#8221; border_type=&#8221;simple&#8221; column_border_width=&#8221;none&#8221; column_border_style=&#8221;solid&#8221;][vc_row_inner equal_height=&#8221;yes&#8221; content_placement=&#8221;top&#8221; column_margin=&#8221;default&#8221; column_direction=&#8221;default&#8221; column_direction_tablet=&#8221;default&#8221; column_direction_phone=&#8221;default&#8221; text_align=&#8221;left&#8221; row_position=&#8221;default&#8221; row_position_tablet=&#8221;inherit&#8221; row_position_phone=&#8221;inherit&#8221; overflow=&#8221;visible&#8221; pointer_events=&#8221;all&#8221;][vc_column_inner column_padding=&#8221;no-extra-padding&#8221; column_padding_tablet=&#8221;inherit&#8221; column_padding_phone=&#8221;inherit&#8221; column_padding_position=&#8221;all&#8221; column_element_spacing=&#8221;default&#8221; background_color_opacity=&#8221;1&#8243; background_hover_color_opacity=&#8221;1&#8243; column_shadow=&#8221;none&#8221; column_border_radius=&#8221;none&#8221; column_link_target=&#8221;_self&#8221; gradient_direction=&#8221;left_to_right&#8221; overlay_strength=&#8221;0.3&#8243; width=&#8221;3\/4&#8243; tablet_width_inherit=&#8221;default&#8221; animation_type=&#8221;default&#8221; bg_image_animation=&#8221;none&#8221; border_type=&#8221;simple&#8221; column_border_width=&#8221;none&#8221; column_border_style=&#8221;solid&#8221;][vc_text_separator title=&#8221;Articoli recenti&#8221; title_align=&#8221;separator_align_left&#8221; css=&#8221;.vc_custom_1607993788792{padding-top: 20px !important;}&#8221; el_class=&#8221;no-padding&#8221;][\/vc_column_inner][vc_column_inner column_padding=&#8221;no-extra-padding&#8221; column_padding_tablet=&#8221;inherit&#8221; column_padding_phone=&#8221;inherit&#8221; column_padding_position=&#8221;all&#8221; column_element_spacing=&#8221;default&#8221; background_color_opacity=&#8221;1&#8243; background_hover_color_opacity=&#8221;1&#8243; column_shadow=&#8221;none&#8221; column_border_radius=&#8221;none&#8221; column_link_target=&#8221;_self&#8221; gradient_direction=&#8221;left_to_right&#8221; overlay_strength=&#8221;0.3&#8243; width=&#8221;1\/4&#8243; tablet_width_inherit=&#8221;default&#8221; animation_type=&#8221;default&#8221; bg_image_animation=&#8221;none&#8221; border_type=&#8221;simple&#8221; column_border_width=&#8221;none&#8221; column_border_style=&#8221;solid&#8221;][vc_column_text][searchandfilter id=&#8221;83805&#8243;][\/vc_column_text][\/vc_column_inner][\/vc_row_inner][vc_row_inner column_margin=&#8221;default&#8221; column_direction=&#8221;default&#8221; column_direction_tablet=&#8221;default&#8221; column_direction_phone=&#8221;default&#8221; translate_y=&#8221;-3%&#8221; text_align=&#8221;left&#8221; row_position=&#8221;default&#8221; row_position_tablet=&#8221;inherit&#8221; row_position_phone=&#8221;inherit&#8221; overflow=&#8221;visible&#8221; pointer_events=&#8221;all&#8221;][vc_column_inner column_padding=&#8221;no-extra-padding&#8221; column_padding_tablet=&#8221;inherit&#8221; column_padding_phone=&#8221;inherit&#8221; column_padding_position=&#8221;all&#8221; column_element_spacing=&#8221;default&#8221; background_color_opacity=&#8221;1&#8243; background_hover_color_opacity=&#8221;1&#8243; column_shadow=&#8221;none&#8221; column_border_radius=&#8221;none&#8221; column_link_target=&#8221;_self&#8221; gradient_direction=&#8221;left_to_right&#8221; overlay_strength=&#8221;0.3&#8243; width=&#8221;1\/1&#8243; tablet_width_inherit=&#8221;default&#8221; animation_type=&#8221;default&#8221; bg_image_animation=&#8221;none&#8221; border_type=&#8221;simple&#8221; column_border_width=&#8221;none&#8221; column_border_style=&#8221;solid&#8221;][vc_column_text el_class=&#8221;no-padding&#8221;][searchandfilter id=&#8221;83805&#8243; action=&#8221;filter_next_query&#8221;]<br \/>\n    <div data-options='{&quot;id&quot;:&quot;83745&quot;,&quot;lazy_load&quot;:&quot;no&quot;,&quot;masonry_enable&quot;:&quot;no&quot;,&quot;view_type&quot;:&quot;grid&quot;}' id=\"post-grid-83745\" class=\"post-grid grid\">\n        <div class=\"no-post-found\">\n        <div class=\"no-post-found\">\n    No post found  <\/div>\n    <\/div>\n          <style type=\"text\/css\">\n            .layout-83705 .element_1658371404543 {\n                            }\n\n                    <\/style>\n        <style type=\"text\/css\">\n        .layout-83705 .element_1658371408851 {\n            overflow: hidden;\n                    }\n\n        .layout-83705 .element_1658371408851 img {\n            max-width: 100%;\n            height: auto;\n        }\n\n        @media only screen and (min-width: 1024px) {\n            .layout-83705 .element_1658371408851 {\n                            }\n        }\n\n        @media only screen and (min-width: 768px) and (max-width: 1023px) {\n            .layout-83705 .element_1658371408851 {\n                            }\n        }\n\n        @media only screen and (min-width: 0px) and (max-width: 767px) {\n            .layout-83705 .element_1658371408851 {\n                            }\n        }\n    <\/style>\n    <style type=\"text\/css\">\n        .layout-83705 .element_1658371544610 {\n            font-size: 15px;\n            text-align: left;\n                    }\n\n        .layout-83705 .element_1658371544610 a {\n            font-size: 15px;\n                    }\n\n            <\/style>\n    <style type=\"text\/css\">\n        .layout-83705 .element_1658371433988 {\n            color: #3a3a3a;\n            font-size: 16px;\n            margin: 10px 0;\n            text-align: left;\n                    }\n\n        .layout-83705 .element_1658371433988 a {\n            color: #3a3a3a;\n            font-size: 16px;\n            margin: 10px 0;\n            text-align: left;\n                    }\n    <\/style>\n      <script>\n          <\/script>\n    <style type=\"text\/css\">\n    #post-grid-83745 {\n      padding: 10px;\n          }\n\n    #post-grid-83745 .item {\n      padding:  0 0 30px 0;\n      background: #fff;\n          }\n\n    #post-grid-83745 .item .layer-media {\n      height:auto;    }\n\n    @media only screen and (min-width: 0px) and (max-width: 767px) {\n      #post-grid-83745 .grid-items {\n        text-align: left;\n              }\n\n      #post-grid-83745 .item {\n        width: 90%;\n        margin: 10px;\n        display: inline-block;\n        vertical-align: top;\n        height:auto;      }\n    }\n\n    @media only screen and (min-width: 768px) and (max-width: 1023px) {\n      #post-grid-83745 .grid-items {\n        text-align: left;\n              }\n\n      #post-grid-83745 .item {\n        width: 29%;\n        margin: 10px;\n        display: inline-block;\n        vertical-align: top;\n        max-height:auto;      }\n    }\n\n    @media only screen and (min-width: 1024px) {\n      #post-grid-83745 .grid-items {\n        text-align: left;\n              }\n\n      #post-grid-83745 .item {\n        width: 22%;\n        display: inline-block;\n        margin: 10px;\n        vertical-align: top;\n        height:auto;      }\n    }\n\n      <\/style>\n  <\/div>\n[\/vc_column_text][\/vc_column_inner][\/vc_row_inner][\/vc_column][\/vc_row]<\/p>\n","protected":false},"excerpt":{"rendered":"<p>[vc_row type=&#8221;in_container&#8221; full_screen_row_position=&#8221;middle&#8221; column_margin=&#8221;default&#8221; column_direction=&#8221;default&#8221; column_direction_tablet=&#8221;default&#8221; column_direction_phone=&#8221;default&#8221; scene_position=&#8221;center&#8221; text_color=&#8221;dark&#8221; text_align=&#8221;left&#8221; row_border_radius=&#8221;none&#8221; row_border_radius_applies=&#8221;bg&#8221; overflow=&#8221;visible&#8221; overlay_strength=&#8221;0.3&#8243; gradient_direction=&#8221;left_to_right&#8221; shape_divider_position=&#8221;bottom&#8221; bg_image_animation=&#8221;none&#8221; shape_type=&#8221;&#8221;][vc_column column_padding=&#8221;no-extra-padding&#8221; column_padding_tablet=&#8221;inherit&#8221; column_padding_phone=&#8221;inherit&#8221; column_padding_position=&#8221;all&#8221; column_element_spacing=&#8221;default&#8221; background_color_opacity=&#8221;1&#8243; background_hover_color_opacity=&#8221;1&#8243; column_shadow=&#8221;none&#8221; column_border_radius=&#8221;none&#8221; column_link_target=&#8221;_self&#8221; column_position=&#8221;default&#8221; gradient_direction=&#8221;left_to_right&#8221; overlay_strength=&#8221;0.3&#8243; width=&#8221;3\/4&#8243; tablet_width_inherit=&#8221;default&#8221; tablet_text_alignment=&#8221;default&#8221; phone_text_alignment=&#8221;default&#8221; animation_type=&#8221;default&#8221; bg_image_animation=&#8221;none&#8221; border_type=&#8221;simple&#8221; column_border_width=&#8221;none&#8221; column_border_style=&#8221;solid&#8221;][vc_row_inner column_margin=&#8221;default&#8221; column_direction=&#8221;default&#8221; column_direction_tablet=&#8221;default&#8221; column_direction_phone=&#8221;default&#8221; top_padding=&#8221;4%&#8221; text_align=&#8221;left&#8221; row_position=&#8221;default&#8221; row_position_tablet=&#8221;inherit&#8221; row_position_phone=&#8221;inherit&#8221; overflow=&#8221;visible&#8221; pointer_events=&#8221;all&#8221;][vc_column_inner column_padding=&#8221;no-extra-padding&#8221; column_padding_tablet=&#8221;inherit&#8221; column_padding_phone=&#8221;inherit&#8221; column_padding_position=&#8221;all&#8221; [&hellip;]<\/p>\n","protected":false},"author":1,"featured_media":0,"parent":0,"menu_order":0,"comment_status":"closed","ping_status":"closed","template":"","meta":{"_acf_changed":false,"pgc_meta":"","_cloudinary_featured_overwrite":false,"footnotes":""},"class_list":["post-69331","page","type-page","status-publish","hentry"],"acf":[],"yoast_head":"<!-- This site is optimized with the Yoast SEO Premium plugin v26.5 (Yoast SEO v26.5) - https:\/\/yoast.com\/wordpress\/plugins\/seo\/ -->\n<title>VOYAPON IT - Cosa vedere in Giappone: le migliori attrazioni turistiche<\/title>\n<meta name=\"description\" content=\"Templi antichi, castelli, cittadine tradizionali e musei moderni: scopri i luoghi da visitare in Giappone nel tuo prossimo viaggio.\" \/>\n<meta name=\"robots\" content=\"index, follow, max-snippet:-1, max-image-preview:large, max-video-preview:-1\" \/>\n<link rel=\"canonical\" href=\"https:\/\/voyapon.com\/it\/attrazioni-turistiche\/\" \/>\n<meta property=\"og:locale\" content=\"it_IT\" \/>\n<meta property=\"og:type\" content=\"article\" \/>\n<meta property=\"og:title\" content=\"Attrazioni turistiche\" \/>\n<meta property=\"og:description\" content=\"Templi antichi, castelli, cittadine tradizionali e musei moderni: scopri i luoghi da visitare in Giappone nel tuo prossimo viaggio.\" \/>\n<meta property=\"og:url\" content=\"https:\/\/voyapon.com\/it\/attrazioni-turistiche\/\" \/>\n<meta property=\"og:site_name\" content=\"VOYAPON IT\" \/>\n<meta property=\"article:modified_time\" content=\"2022-07-22T06:52:23+00:00\" \/>\n<meta name=\"twitter:card\" content=\"summary_large_image\" \/>\n<meta name=\"twitter:label1\" content=\"Est. reading time\" \/>\n\t<meta name=\"twitter:data1\" content=\"8 minutes\" \/>\n<script type=\"application\/ld+json\" class=\"yoast-schema-graph\">{\"@context\":\"https:\/\/schema.org\",\"@graph\":[{\"@type\":\"WebPage\",\"@id\":\"https:\/\/voyapon.com\/it\/attrazioni-turistiche\/\",\"url\":\"https:\/\/voyapon.com\/it\/attrazioni-turistiche\/\",\"name\":\"VOYAPON IT - Cosa vedere in Giappone: le migliori attrazioni turistiche\",\"isPartOf\":{\"@id\":\"https:\/\/voyapon.com\/it\/#website\"},\"datePublished\":\"2020-07-17T10:22:50+00:00\",\"dateModified\":\"2022-07-22T06:52:23+00:00\",\"description\":\"Templi antichi, castelli, cittadine tradizionali e musei moderni: scopri i luoghi da visitare in Giappone nel tuo prossimo viaggio.\",\"breadcrumb\":{\"@id\":\"https:\/\/voyapon.com\/it\/attrazioni-turistiche\/#breadcrumb\"},\"inLanguage\":\"it-IT\",\"potentialAction\":[{\"@type\":\"ReadAction\",\"target\":[\"https:\/\/voyapon.com\/it\/attrazioni-turistiche\/\"]}]},{\"@type\":\"BreadcrumbList\",\"@id\":\"https:\/\/voyapon.com\/it\/attrazioni-turistiche\/#breadcrumb\",\"itemListElement\":[{\"@type\":\"ListItem\",\"position\":1,\"name\":\"Home\",\"item\":\"https:\/\/voyapon.com\/it\/\"},{\"@type\":\"ListItem\",\"position\":2,\"name\":\"Attrazioni turistiche\"}]},{\"@type\":\"WebSite\",\"@id\":\"https:\/\/voyapon.com\/it\/#website\",\"url\":\"https:\/\/voyapon.com\/it\/\",\"name\":\"VOYAPON IT\",\"description\":\"Guida al Giappone e alla cultura giapponese\",\"potentialAction\":[{\"@type\":\"SearchAction\",\"target\":{\"@type\":\"EntryPoint\",\"urlTemplate\":\"https:\/\/voyapon.com\/it\/?s={search_term_string}\"},\"query-input\":{\"@type\":\"PropertyValueSpecification\",\"valueRequired\":true,\"valueName\":\"search_term_string\"}}],\"inLanguage\":\"it-IT\"}]}<\/script>\n<!-- \/ Yoast SEO Premium plugin. -->","yoast_head_json":{"title":"VOYAPON IT - Cosa vedere in Giappone: le migliori attrazioni turistiche","description":"Templi antichi, castelli, cittadine tradizionali e musei moderni: scopri i luoghi da visitare in Giappone nel tuo prossimo viaggio.","robots":{"index":"index","follow":"follow","max-snippet":"max-snippet:-1","max-image-preview":"max-image-preview:large","max-video-preview":"max-video-preview:-1"},"canonical":"https:\/\/voyapon.com\/it\/attrazioni-turistiche\/","og_locale":"it_IT","og_type":"article","og_title":"Attrazioni turistiche","og_description":"Templi antichi, castelli, cittadine tradizionali e musei moderni: scopri i luoghi da visitare in Giappone nel tuo prossimo viaggio.","og_url":"https:\/\/voyapon.com\/it\/attrazioni-turistiche\/","og_site_name":"VOYAPON IT","article_modified_time":"2022-07-22T06:52:23+00:00","twitter_card":"summary_large_image","twitter_misc":{"Est. reading time":"8 minutes"},"schema":{"@context":"https:\/\/schema.org","@graph":[{"@type":"WebPage","@id":"https:\/\/voyapon.com\/it\/attrazioni-turistiche\/","url":"https:\/\/voyapon.com\/it\/attrazioni-turistiche\/","name":"VOYAPON IT - Cosa vedere in Giappone: le migliori attrazioni turistiche","isPartOf":{"@id":"https:\/\/voyapon.com\/it\/#website"},"datePublished":"2020-07-17T10:22:50+00:00","dateModified":"2022-07-22T06:52:23+00:00","description":"Templi antichi, castelli, cittadine tradizionali e musei moderni: scopri i luoghi da visitare in Giappone nel tuo prossimo viaggio.","breadcrumb":{"@id":"https:\/\/voyapon.com\/it\/attrazioni-turistiche\/#breadcrumb"},"inLanguage":"it-IT","potentialAction":[{"@type":"ReadAction","target":["https:\/\/voyapon.com\/it\/attrazioni-turistiche\/"]}]},{"@type":"BreadcrumbList","@id":"https:\/\/voyapon.com\/it\/attrazioni-turistiche\/#breadcrumb","itemListElement":[{"@type":"ListItem","position":1,"name":"Home","item":"https:\/\/voyapon.com\/it\/"},{"@type":"ListItem","position":2,"name":"Attrazioni turistiche"}]},{"@type":"WebSite","@id":"https:\/\/voyapon.com\/it\/#website","url":"https:\/\/voyapon.com\/it\/","name":"VOYAPON IT","description":"Guida al Giappone e alla cultura giapponese","potentialAction":[{"@type":"SearchAction","target":{"@type":"EntryPoint","urlTemplate":"https:\/\/voyapon.com\/it\/?s={search_term_string}"},"query-input":{"@type":"PropertyValueSpecification","valueRequired":true,"valueName":"search_term_string"}}],"inLanguage":"it-IT"}]}},"pgc_meta":"","_links":{"self":[{"href":"https:\/\/voyapon.com\/it\/wp-json\/wp\/v2\/pages\/69331","targetHints":{"allow":["GET"]}}],"collection":[{"href":"https:\/\/voyapon.com\/it\/wp-json\/wp\/v2\/pages"}],"about":[{"href":"https:\/\/voyapon.com\/it\/wp-json\/wp\/v2\/types\/page"}],"author":[{"embeddable":true,"href":"https:\/\/voyapon.com\/it\/wp-json\/wp\/v2\/users\/1"}],"replies":[{"embeddable":true,"href":"https:\/\/voyapon.com\/it\/wp-json\/wp\/v2\/comments?post=69331"}],"version-history":[{"count":0,"href":"https:\/\/voyapon.com\/it\/wp-json\/wp\/v2\/pages\/69331\/revisions"}],"wp:attachment":[{"href":"https:\/\/voyapon.com\/it\/wp-json\/wp\/v2\/media?parent=69331"}],"curies":[{"name":"wp","href":"https:\/\/api.w.org\/{rel}","templated":true}]}}